{"id":17055,"date":"2016-04-13T11:41:23","date_gmt":"2016-04-13T10:41:23","guid":{"rendered":"https:\/\/www.islabonitalovefestival.es\/rechtlicher-hinweis\/"},"modified":"2024-06-17T12:48:47","modified_gmt":"2024-06-17T11:48:47","slug":"rechtlicher-hinweis","status":"publish","type":"page","link":"https:\/\/www.islabonitalovefestival.es\/de\/rechtlicher-hinweis\/","title":{"rendered":"Rechtlicher Hinweis"},"content":{"rendered":"\t\t<div data-elementor-type=\"wp-page\" data-elementor-id=\"17055\" class=\"elementor elementor-17055\" data-elementor-post-type=\"page\">\n\t\t\t\t\t\t<section data-particle_enable=\"false\" data-particle-mobile-disabled=\"false\" class=\"elementor-section elementor-top-section elementor-element elementor-element-4bea54d1 elementor-section-boxed elementor-section-height-default elementor-section-height-default\" data-id=\"4bea54d1\" data-element_type=\"section\" data-e-type=\"section\">\n\t\t\t\t\t\t<div class=\"elementor-container elementor-column-gap-default\">\n\t\t\t\t\t<div class=\"elementor-column elementor-col-100 elementor-top-column elementor-element elementor-element-15bfd64c\" data-id=\"15bfd64c\" data-element_type=\"column\" data-e-type=\"column\">\n\t\t\t<div class=\"elementor-widget-wrap elementor-element-populated\">\n\t\t\t\t\t\t<div class=\"elementor-element elementor-element-122465f4 elementor-widget elementor-widget-text-editor\" data-id=\"122465f4\" data-element_type=\"widget\" data-e-type=\"widget\" data-widget_type=\"text-editor.default\">\n\t\t\t\t<div class=\"elementor-widget-container\">\n\t\t\t\t\t\t\t\t\t<h3>Allgemeine Informationen<\/h3>\nIn \u00dcbereinstimmung mit der Informationspflicht gem\u00e4\u00df dem Gesetz 34\/2002 vom 11. Juli \u00fcber Dienstleistungen der Informationsgesellschaft und den elektronischen Gesch\u00e4ftsverkehr werden im Folgenden die allgemeinen Informationen der Website aufgef\u00fchrt:\n<ul>\n    <li>SOCIEDAD DE PROMOCION Y DESARROLLO ECONOMICO DE LA ISLA DE LA PALMA SAU- A38732566<\/li>\n    <li>AVENIDA DE LOS INDIANOS 14 2\u00baB- 38700 &#8211; SANTA CRUZ DE LA PALMA<\/li>\n    <li>Handelsregister von Santa Cruz de La Palma, Band 46, Folio 211, Blatt IP-2049, Eintragung 1.<\/li>\n    <li>Telefon: 922417323<\/li>\n    <li>Email: gerencia@sodepal.es<\/li>\n<\/ul>\n<h3>Nutzungsbedingungen<\/h3>\nDer Zugang und die Nutzung dieser Website verleihen dem Besucher den Status eines Benutzers. Dies bedeutet, dass der Benutzer die zum jeweiligen Zeitpunkt geltenden Nutzungsbedingungen akzeptiert und sich verpflichtet, die Inhalte der Website angemessen zu nutzen und die Bestimmungen in diesem Hinweis und die geltenden Vorschriften strikt einzuhalten.\n\nEbenso verpflichtet sich der Benutzer:\nWahrheitsgem\u00e4\u00dfe Informationen \u00fcber die Registrierungsdaten zu liefern und diese aktuell zu halten;\nKeine Inhalte zu verbreiten, die gegen das Gesetz oder die W\u00fcrde der Person versto\u00dfen; die aufgrund von Geburt, Rasse, Geschlecht, Religion, Meinung oder anderen pers\u00f6nlichen oder sozialen Umst\u00e4nden diskriminierend sind; oder die in irgendeiner Weise gegen das Gesetz und die \u00f6ffentliche Ordnung versto\u00dfen;\n<strong>SOCIEDAD DE PROMOCION Y DESARROLLO ECONOMICO DE LA ISLA DE LA PALMA SAU<\/strong> beh\u00e4lt sich das Recht vor, die \u00c4nderungen vorzunehmen, die sie f\u00fcr angemessen h\u00e4lt, Inhalte oder Dienstleistungen, die \u00fcber die Website angeboten werden, hinzuzuf\u00fcgen, zu \u00e4ndern oder zu entfernen; ebenso wie das Recht, jegliche Beitr\u00e4ge oder Kommentare zu entfernen, die gegen die oben beschriebenen Regeln versto\u00dfen.\n<strong>SOCIEDAD DE PROMOCION Y DESARROLLO ECONOMICO DE LA ISLA DE LA PALMA SAU<\/strong> haftet in keinem Fall f\u00fcr die Meinungen, die der Benutzer \u00fcber die auf der Website angebotenen Partizipationswerkzeuge \u00e4u\u00dfert.\n<strong>Der Zugang zur Website ist f\u00fcr den Benutzer in allen Teilen, Inhalten usw. frei und kostenlos.<\/strong>\nDer Benutzer erkl\u00e4rt unter seiner Verantwortung, vollj\u00e4hrig zu sein und \u00fcber die erforderliche F\u00e4higkeit zu verf\u00fcgen, sich an die vorliegenden Bedingungen zu binden.\n<h3>Datenschutz- und Datenschutzrichtlinie<\/h3>\nDie pers\u00f6nlichen Daten, die elektronisch \u00fcber die Formulare auf der Website zur Verf\u00fcgung gestellt werden, werden verarbeitet, um Ihre Anfrage zu bearbeiten, Ihnen Werbung f\u00fcr unsere Produkte\/Dienstleistungen auf jedem Weg (physisch oder elektronisch) zu senden und Sie zu Veranstaltungen einzuladen, die von der Firma organisiert werden. Die Daten der Verarbeitung sind:\n<h4><strong>Wer ist verantwortlich?<\/strong><\/h4>\n<ul>\n    <li>Verantwortlich: SOCIEDAD DE PROMOCION Y DESARROLLO ECONOMICO DE LA ISLA DE LA PALMA SAU<\/li>\n    <li>Adresse: AVENIDA DE LOS INDIANOS 14 2\u00baB &#8211; 38700 &#8211; SANTA CRUZ DE LA PALMA<\/li>\n    <li>Telefon: 922417323<\/li>\n    <li>Email: <a href=\"mailto:gerencia@sodepal.es\">gerencia@sodepal.es<\/a><\/li>\n<\/ul>\n<h4><strong>Wer ist der Datenschutzbeauftragte?<\/strong><\/h4>\n<ul>\n    <li>Beauftragter: MIGUEL ANGEL ALVAREZ DIAZ<\/li>\n    <li>Email: <a href=\"mailto:dpo@gextiona.com\">dpo@gextiona.com<\/a><\/li>\n<\/ul>\n<h4><strong>Zu welchem Zweck verarbeiten wir Ihre pers\u00f6nlichen Daten?<\/strong><\/h4>\nInformationen senden und Marktuntersuchungen durchf\u00fchren.\nUm Ihnen Produkte und Dienstleistungen entsprechend Ihren Interessen anbieten zu k\u00f6nnen und Ihre Benutzererfahrung zu verbessern, erstellen wir ein kommerzielles Profil basierend auf den bereitgestellten Informationen. Es werden keine automatisierten Entscheidungen auf der Grundlage dieses Profils getroffen.\n<h4><strong>Wie lange speichern wir Ihre Daten?<\/strong><\/h4>\nW\u00e4hrend der Dauer der Vertragsbeziehung im Falle eines Kunden.\nF\u00fcr einen Zeitraum von einem Jahr ab der letzten Interessenbest\u00e4tigung, falls Sie kein Kunde sind.\n<h4><strong>Was ist die Rechtsgrundlage f\u00fcr die Verarbeitung Ihrer pers\u00f6nlichen Daten?<\/strong><\/h4>\nDas vorausschauende Angebot von Produkten und Dienstleistungen basiert auf Ihrer Einwilligung, ohne dass der Widerruf der Einwilligung in irgendeinem Fall die Durchf\u00fchrung des Dienstleistungsvertrags beeintr\u00e4chtigt.\n<h4><strong>An wen werden Ihre Daten weitergegeben?<\/strong><\/h4>\nSie werden niemals an Dritte weitergegeben.\n<h4><strong>Welche Rechte haben Sie, wenn Sie uns Ihre pers\u00f6nlichen Daten zur Verf\u00fcgung stellen?<\/strong><\/h4>\nJede Person hat das Recht, eine Best\u00e4tigung dar\u00fcber zu erhalten, ob wir pers\u00f6nliche Daten, die sie betreffen, verarbeiten oder nicht. Interessierte Personen haben das Recht, auf ihre pers\u00f6nlichen Daten zuzugreifen sowie die Berichtigung ungenauer Daten zu verlangen oder deren L\u00f6schung zu verlangen, wenn die Daten unter anderem nicht mehr f\u00fcr die Zwecke, f\u00fcr die sie erhoben wurden, erforderlich sind. Unter bestimmten Umst\u00e4nden k\u00f6nnen Betroffene die Einschr\u00e4nkung der Verarbeitung ihrer Daten verlangen, in diesem Fall werden wir sie nur zur Aus\u00fcbung oder Verteidigung von Anspr\u00fcchen aufbewahren. Unter bestimmten Umst\u00e4nden und aus Gr\u00fcnden, die sich aus ihrer besonderen Situation ergeben, k\u00f6nnen Betroffene der Verarbeitung ihrer Daten widersprechen. Dar\u00fcber hinaus k\u00f6nnen sie Beschwerden \u00fcber ihre Rechte bei der Aufsichtsbeh\u00f6rde einreichen (<a href=\"http:\/\/www.aepd.es\" target=\"_blank\" rel=\"noopener\">www.aepd.es<\/a>).\n<h3>Linkpolitik<\/h3>\nDie Website kann Links zu anderen Websites mit Datenschutzrichtlinien enthalten, die sich von dieser unterscheiden. SOCIEDAD DE PROMOCION Y DESARROLLO ECONOMICO DE LA ISLA DE LA PALMA SAU ist nicht verantwortlich f\u00fcr den Inhalt oder die Praktiken der verlinkten Seiten und empfiehlt dem Benutzer, die Datenschutzrichtlinie jeder Website, auf die er \u00fcber diese Website zugreift, sorgf\u00e4ltig zu lesen.\n<h4>Geistiges und gewerbliches Eigentum<\/h4>\nDie Rechte an geistigem und gewerblichem Eigentum, Verwertungs- und Vervielf\u00e4ltigungsrechte dieser Website (Seiten, Bildschirme, Informationen, Aussehen, Struktur und Design, Quellcode, Audiodateien und Software sowie Links) sind Eigentum von, wurden abgetreten oder sind lizenziert zugunsten von <strong>SOCIEDAD DE PROMOCION Y DESARROLLO ECONOMICO DE LA ISLA DE LA PALMA SAU<\/strong>, sofern nichts anderes angegeben ist.\n\nDer Name, das Design und die Logos, die diese Website ausmachen, sind ordnungsgem\u00e4\u00df eingetragene Marken. Ihre missbr\u00e4uchliche Verwendung kann gem\u00e4\u00df den geltenden Gesetzen verfolgt werden.\n\nDie Rechte an geistigem Eigentum und Marken Dritter sind hervorgehoben, und der Benutzer muss sie in jedem Fall respektieren.\n\t\t\t\t\t\t\t\t<\/div>\n\t\t\t\t<\/div>\n\t\t\t\t\t<\/div>\n\t\t<\/div>\n\t\t\t\t\t<\/div>\n\t\t<\/section>\n\t\t\t\t<\/div>\n\t\t","protected":false},"excerpt":{"rendered":"<p>Allgemeine Informationen In \u00dcbereinstimmung mit der Informationspflicht gem\u00e4\u00df dem Gesetz 34\/2002 vom 11. Juli \u00fcber Dienstleistungen der Informationsgesellschaft und den elektronischen Gesch\u00e4ftsverkehr werden im Folgenden die allgemeinen Informationen der Website aufgef\u00fchrt: SOCIEDAD DE PROMOCION Y DESARROLLO ECONOMICO DE LA ISLA DE LA PALMA SAU- A38732566 AVENIDA DE LOS INDIANOS 14 2\u00baB- 38700 &#8211; SANTA CRUZ &#8230; <a title=\"Rechtlicher Hinweis\" class=\"read-more\" href=\"https:\/\/www.islabonitalovefestival.es\/de\/rechtlicher-hinweis\/\" aria-label=\"Mehr Informationen \u00fcber Rechtlicher Hinweis\">Weiterlesen<\/a><\/p>\n","protected":false},"author":1,"featured_media":0,"parent":0,"menu_order":0,"comment_status":"closed","ping_status":"closed","template":"","meta":{"footnotes":""},"class_list":["post-17055","page","type-page","status-publish"],"yoast_head":"<!-- This site is optimized with the Yoast SEO Premium plugin v22.0 (Yoast SEO v27.0) - https:\/\/yoast.com\/product\/yoast-seo-premium-wordpress\/ -->\n<title>Rechtlicher Hinweis - Isla Bonita Love Festival<\/title>\n<meta name=\"robots\" content=\"index, follow, max-snippet:-1, max-image-preview:large, max-video-preview:-1\" \/>\n<link rel=\"canonical\" href=\"https:\/\/www.islabonitalovefestival.es\/de\/rechtlicher-hinweis\/\" \/>\n<meta property=\"og:locale\" content=\"de_DE\" \/>\n<meta property=\"og:type\" content=\"article\" \/>\n<meta property=\"og:title\" content=\"Rechtlicher Hinweis\" \/>\n<meta property=\"og:description\" content=\"Allgemeine Informationen In \u00dcbereinstimmung mit der Informationspflicht gem\u00e4\u00df dem Gesetz 34\/2002 vom 11. Juli \u00fcber Dienstleistungen der Informationsgesellschaft und den elektronischen Gesch\u00e4ftsverkehr werden im Folgenden die allgemeinen Informationen der Website aufgef\u00fchrt: SOCIEDAD DE PROMOCION Y DESARROLLO ECONOMICO DE LA ISLA DE LA PALMA SAU- A38732566 AVENIDA DE LOS INDIANOS 14 2\u00baB- 38700 &#8211; SANTA CRUZ ... Weiterlesen\" \/>\n<meta property=\"og:url\" content=\"https:\/\/www.islabonitalovefestival.es\/de\/rechtlicher-hinweis\/\" \/>\n<meta property=\"og:site_name\" content=\"Isla Bonita Love Festival\" \/>\n<meta property=\"article:publisher\" content=\"https:\/\/www.facebook.com\/islabonitalovefestival\/\" \/>\n<meta property=\"article:modified_time\" content=\"2024-06-17T11:48:47+00:00\" \/>\n<meta name=\"twitter:card\" content=\"summary_large_image\" \/>\n<meta name=\"twitter:site\" content=\"@IslaBonitaLoveF\" \/>\n<script type=\"application\/ld+json\" class=\"yoast-schema-graph\">{\"@context\":\"https:\/\/schema.org\",\"@graph\":[{\"@type\":\"WebPage\",\"@id\":\"https:\/\/www.islabonitalovefestival.es\/de\/rechtlicher-hinweis\/\",\"url\":\"https:\/\/www.islabonitalovefestival.es\/de\/rechtlicher-hinweis\/\",\"name\":\"Rechtlicher Hinweis - Isla Bonita Love Festival\",\"isPartOf\":{\"@id\":\"https:\/\/www.islabonitalovefestival.es\/#website\"},\"datePublished\":\"2016-04-13T10:41:23+00:00\",\"dateModified\":\"2024-06-17T11:48:47+00:00\",\"breadcrumb\":{\"@id\":\"https:\/\/www.islabonitalovefestival.es\/de\/rechtlicher-hinweis\/#breadcrumb\"},\"inLanguage\":\"de\",\"potentialAction\":[{\"@type\":\"ReadAction\",\"target\":[\"https:\/\/www.islabonitalovefestival.es\/de\/rechtlicher-hinweis\/\"]}]},{\"@type\":\"BreadcrumbList\",\"@id\":\"https:\/\/www.islabonitalovefestival.es\/de\/rechtlicher-hinweis\/#breadcrumb\",\"itemListElement\":[{\"@type\":\"ListItem\",\"position\":1,\"name\":\"Portada\",\"item\":\"https:\/\/www.islabonitalovefestival.es\/de\/\"},{\"@type\":\"ListItem\",\"position\":2,\"name\":\"Rechtlicher Hinweis\"}]},{\"@type\":\"WebSite\",\"@id\":\"https:\/\/www.islabonitalovefestival.es\/#website\",\"url\":\"https:\/\/www.islabonitalovefestival.es\/\",\"name\":\"Isla Bonita Love Festival 2024\",\"description\":\"Festival de la multiculturalidad que se celebrar\u00e1 del 22 al 28 de julio de 2024 en La Palma\",\"publisher\":{\"@id\":\"https:\/\/www.islabonitalovefestival.es\/#organization\"},\"alternateName\":\"Love Festival 2024\",\"potentialAction\":[{\"@type\":\"SearchAction\",\"target\":{\"@type\":\"EntryPoint\",\"urlTemplate\":\"https:\/\/www.islabonitalovefestival.es\/?s={search_term_string}\"},\"query-input\":{\"@type\":\"PropertyValueSpecification\",\"valueRequired\":true,\"valueName\":\"search_term_string\"}}],\"inLanguage\":\"de\"},{\"@type\":\"Organization\",\"@id\":\"https:\/\/www.islabonitalovefestival.es\/#organization\",\"name\":\"Isla Bonita Love Festival La Palma 2024\",\"alternateName\":\"Love Festival\",\"url\":\"https:\/\/www.islabonitalovefestival.es\/\",\"logo\":{\"@type\":\"ImageObject\",\"inLanguage\":\"de\",\"@id\":\"https:\/\/www.islabonitalovefestival.es\/#\/schema\/logo\/image\/\",\"url\":\"https:\/\/www.islabonitalovefestival.es\/wp-content\/uploads\/2024\/03\/LF24_entrada.png\",\"contentUrl\":\"https:\/\/www.islabonitalovefestival.es\/wp-content\/uploads\/2024\/03\/LF24_entrada.png\",\"width\":800,\"height\":800,\"caption\":\"Isla Bonita Love Festival La Palma 2024\"},\"image\":{\"@id\":\"https:\/\/www.islabonitalovefestival.es\/#\/schema\/logo\/image\/\"},\"sameAs\":[\"https:\/\/www.facebook.com\/islabonitalovefestival\/\",\"https:\/\/x.com\/IslaBonitaLoveF\",\"https:\/\/www.instagram.com\/islabonitalovefest\/\",\"https:\/\/www.youtube.com\/channel\/UCT7DqYugOSkmQ9lWVL9UTJw\"],\"description\":\"Sociedad de Promoci\u00f3n y Desarrollo econ\u00f3mico y Social de La Palma, empresa p\u00fablica dependiente del Cabildo de La Palma\",\"email\":\"info@sodepal.es\",\"telephone\":\"922417323\",\"legalName\":\"Sociedad de Promoci\u00f3n y Desarrollo Econ\u00f3mico de la isla de La Palma S.A.U.\",\"publishingPrinciples\":\"https:\/\/www.islabonitalovefestival.es\/aviso-legal\/\",\"ownershipFundingInfo\":\"https:\/\/www.islabonitalovefestival.es\/aviso-legal\/\",\"actionableFeedbackPolicy\":\"https:\/\/www.islabonitalovefestival.es\/aviso-legal\/\",\"correctionsPolicy\":\"https:\/\/www.islabonitalovefestival.es\/aviso-legal\/\",\"ethicsPolicy\":\"https:\/\/www.islabonitalovefestival.es\/aviso-legal\/\",\"diversityPolicy\":\"https:\/\/www.islabonitalovefestival.es\/aviso-legal\/\",\"diversityStaffingReport\":\"https:\/\/www.islabonitalovefestival.es\/aviso-legal\/\"}]}<\/script>\n<!-- \/ Yoast SEO Premium plugin. -->","yoast_head_json":{"title":"Rechtlicher Hinweis - Isla Bonita Love Festival","robots":{"index":"index","follow":"follow","max-snippet":"max-snippet:-1","max-image-preview":"max-image-preview:large","max-video-preview":"max-video-preview:-1"},"canonical":"https:\/\/www.islabonitalovefestival.es\/de\/rechtlicher-hinweis\/","og_locale":"de_DE","og_type":"article","og_title":"Rechtlicher Hinweis","og_description":"Allgemeine Informationen In \u00dcbereinstimmung mit der Informationspflicht gem\u00e4\u00df dem Gesetz 34\/2002 vom 11. Juli \u00fcber Dienstleistungen der Informationsgesellschaft und den elektronischen Gesch\u00e4ftsverkehr werden im Folgenden die allgemeinen Informationen der Website aufgef\u00fchrt: SOCIEDAD DE PROMOCION Y DESARROLLO ECONOMICO DE LA ISLA DE LA PALMA SAU- A38732566 AVENIDA DE LOS INDIANOS 14 2\u00baB- 38700 &#8211; SANTA CRUZ ... Weiterlesen","og_url":"https:\/\/www.islabonitalovefestival.es\/de\/rechtlicher-hinweis\/","og_site_name":"Isla Bonita Love Festival","article_publisher":"https:\/\/www.facebook.com\/islabonitalovefestival\/","article_modified_time":"2024-06-17T11:48:47+00:00","twitter_card":"summary_large_image","twitter_site":"@IslaBonitaLoveF","schema":{"@context":"https:\/\/schema.org","@graph":[{"@type":"WebPage","@id":"https:\/\/www.islabonitalovefestival.es\/de\/rechtlicher-hinweis\/","url":"https:\/\/www.islabonitalovefestival.es\/de\/rechtlicher-hinweis\/","name":"Rechtlicher Hinweis - Isla Bonita Love Festival","isPartOf":{"@id":"https:\/\/www.islabonitalovefestival.es\/#website"},"datePublished":"2016-04-13T10:41:23+00:00","dateModified":"2024-06-17T11:48:47+00:00","breadcrumb":{"@id":"https:\/\/www.islabonitalovefestival.es\/de\/rechtlicher-hinweis\/#breadcrumb"},"inLanguage":"de","potentialAction":[{"@type":"ReadAction","target":["https:\/\/www.islabonitalovefestival.es\/de\/rechtlicher-hinweis\/"]}]},{"@type":"BreadcrumbList","@id":"https:\/\/www.islabonitalovefestival.es\/de\/rechtlicher-hinweis\/#breadcrumb","itemListElement":[{"@type":"ListItem","position":1,"name":"Portada","item":"https:\/\/www.islabonitalovefestival.es\/de\/"},{"@type":"ListItem","position":2,"name":"Rechtlicher Hinweis"}]},{"@type":"WebSite","@id":"https:\/\/www.islabonitalovefestival.es\/#website","url":"https:\/\/www.islabonitalovefestival.es\/","name":"Isla Bonita Love Festival 2024","description":"Festival de la multiculturalidad que se celebrar\u00e1 del 22 al 28 de julio de 2024 en La Palma","publisher":{"@id":"https:\/\/www.islabonitalovefestival.es\/#organization"},"alternateName":"Love Festival 2024","potentialAction":[{"@type":"SearchAction","target":{"@type":"EntryPoint","urlTemplate":"https:\/\/www.islabonitalovefestival.es\/?s={search_term_string}"},"query-input":{"@type":"PropertyValueSpecification","valueRequired":true,"valueName":"search_term_string"}}],"inLanguage":"de"},{"@type":"Organization","@id":"https:\/\/www.islabonitalovefestival.es\/#organization","name":"Isla Bonita Love Festival La Palma 2024","alternateName":"Love Festival","url":"https:\/\/www.islabonitalovefestival.es\/","logo":{"@type":"ImageObject","inLanguage":"de","@id":"https:\/\/www.islabonitalovefestival.es\/#\/schema\/logo\/image\/","url":"https:\/\/www.islabonitalovefestival.es\/wp-content\/uploads\/2024\/03\/LF24_entrada.png","contentUrl":"https:\/\/www.islabonitalovefestival.es\/wp-content\/uploads\/2024\/03\/LF24_entrada.png","width":800,"height":800,"caption":"Isla Bonita Love Festival La Palma 2024"},"image":{"@id":"https:\/\/www.islabonitalovefestival.es\/#\/schema\/logo\/image\/"},"sameAs":["https:\/\/www.facebook.com\/islabonitalovefestival\/","https:\/\/x.com\/IslaBonitaLoveF","https:\/\/www.instagram.com\/islabonitalovefest\/","https:\/\/www.youtube.com\/channel\/UCT7DqYugOSkmQ9lWVL9UTJw"],"description":"Sociedad de Promoci\u00f3n y Desarrollo econ\u00f3mico y Social de La Palma, empresa p\u00fablica dependiente del Cabildo de La Palma","email":"info@sodepal.es","telephone":"922417323","legalName":"Sociedad de Promoci\u00f3n y Desarrollo Econ\u00f3mico de la isla de La Palma S.A.U.","publishingPrinciples":"https:\/\/www.islabonitalovefestival.es\/aviso-legal\/","ownershipFundingInfo":"https:\/\/www.islabonitalovefestival.es\/aviso-legal\/","actionableFeedbackPolicy":"https:\/\/www.islabonitalovefestival.es\/aviso-legal\/","correctionsPolicy":"https:\/\/www.islabonitalovefestival.es\/aviso-legal\/","ethicsPolicy":"https:\/\/www.islabonitalovefestival.es\/aviso-legal\/","diversityPolicy":"https:\/\/www.islabonitalovefestival.es\/aviso-legal\/","diversityStaffingReport":"https:\/\/www.islabonitalovefestival.es\/aviso-legal\/"}]}},"_links":{"self":[{"href":"https:\/\/www.islabonitalovefestival.es\/de\/wp-json\/wp\/v2\/pages\/17055","targetHints":{"allow":["GET"]}}],"collection":[{"href":"https:\/\/www.islabonitalovefestival.es\/de\/wp-json\/wp\/v2\/pages"}],"about":[{"href":"https:\/\/www.islabonitalovefestival.es\/de\/wp-json\/wp\/v2\/types\/page"}],"author":[{"embeddable":true,"href":"https:\/\/www.islabonitalovefestival.es\/de\/wp-json\/wp\/v2\/users\/1"}],"replies":[{"embeddable":true,"href":"https:\/\/www.islabonitalovefestival.es\/de\/wp-json\/wp\/v2\/comments?post=17055"}],"version-history":[{"count":6,"href":"https:\/\/www.islabonitalovefestival.es\/de\/wp-json\/wp\/v2\/pages\/17055\/revisions"}],"predecessor-version":[{"id":17210,"href":"https:\/\/www.islabonitalovefestival.es\/de\/wp-json\/wp\/v2\/pages\/17055\/revisions\/17210"}],"wp:attachment":[{"href":"https:\/\/www.islabonitalovefestival.es\/de\/wp-json\/wp\/v2\/media?parent=17055"}],"curies":[{"name":"wp","href":"https:\/\/api.w.org\/{rel}","templated":true}]}}