{"id":17063,"date":"2016-04-13T11:49:05","date_gmt":"2016-04-13T10:49:05","guid":{"rendered":"https:\/\/www.islabonitalovefestival.es\/cookie-richtlinie\/"},"modified":"2024-06-17T12:48:37","modified_gmt":"2024-06-17T11:48:37","slug":"cookie-richtlinie","status":"publish","type":"page","link":"https:\/\/www.islabonitalovefestival.es\/de\/cookie-richtlinie\/","title":{"rendered":"Cookie-Richtlinie"},"content":{"rendered":"\t\t<div data-elementor-type=\"wp-page\" data-elementor-id=\"17063\" class=\"elementor elementor-17063\" data-elementor-post-type=\"page\">\n\t\t\t\t\t\t<section data-particle_enable=\"false\" data-particle-mobile-disabled=\"false\" class=\"elementor-section elementor-top-section elementor-element elementor-element-5e33cb94 elementor-section-boxed elementor-section-height-default elementor-section-height-default\" data-id=\"5e33cb94\" data-element_type=\"section\" data-e-type=\"section\">\n\t\t\t\t\t\t<div class=\"elementor-container elementor-column-gap-default\">\n\t\t\t\t\t<div class=\"elementor-column elementor-col-100 elementor-top-column elementor-element elementor-element-32f08bab\" data-id=\"32f08bab\" data-element_type=\"column\" data-e-type=\"column\">\n\t\t\t<div class=\"elementor-widget-wrap elementor-element-populated\">\n\t\t\t\t\t\t<div class=\"elementor-element elementor-element-772ddf53 elementor-widget elementor-widget-text-editor\" data-id=\"772ddf53\" data-element_type=\"widget\" data-e-type=\"widget\" data-widget_type=\"text-editor.default\">\n\t\t\t\t<div class=\"elementor-widget-container\">\n\t\t\t\t\t\t\t\t\t<h4><strong>Was sind Cookies?<\/strong><\/h4>\nEin Cookie ist eine Datei, die auf Ihren Computer heruntergeladen wird, wenn Sie bestimmte Webseiten besuchen. Cookies erm\u00f6glichen es einer Webseite unter anderem, Informationen \u00fcber die Surfgewohnheiten eines Benutzers oder dessen Ger\u00e4t zu speichern und abzurufen. Abh\u00e4ngig von den enthaltenen Informationen und der Art und Weise, wie Sie Ihr Ger\u00e4t verwenden, k\u00f6nnen sie verwendet werden, um den Benutzer zu erkennen.\n\nDiese Website verwendet Cookies und\/oder \u00e4hnliche Technologien, die Informationen speichern und abrufen, wenn Sie surfen. Im Allgemeinen k\u00f6nnen diese Technologien f\u00fcr verschiedene Zwecke dienen, wie zum Beispiel, Sie als Benutzer zu erkennen, Informationen \u00fcber Ihre Surfgewohnheiten zu erhalten oder die Art und Weise, wie Inhalte angezeigt werden, zu personalisieren. Die konkreten Verwendungszwecke dieser Technologien werden unten beschrieben.\n\n<strong>Welche Arten von Cookies gibt es?<\/strong>\n\nJe nachdem, wer sie verwaltet:\n<ul>\n  <li>Erstanbieter-Cookies: Diese werden an das Ger\u00e4t des Benutzers von einer Domain gesendet, die von der besuchten Webseite verwaltet wird und von der der vom Benutzer angeforderte Dienst bereitgestellt wird.<\/li>\n  <li>Drittanbieter-Cookies: Diese werden an das Ger\u00e4t des Benutzers von einer Domain gesendet, die nicht von der besuchten Webseite verwaltet wird, sondern von einer anderen Entit\u00e4t, die die Daten verarbeitet.<\/li>\n<\/ul>\n\nJe nach Zweck:\n<ul>\n  <li>Technische Cookies: Diese erm\u00f6glichen es dem Benutzer, durch eine Webseite zu navigieren und die verschiedenen Optionen oder Dienste zu nutzen, die darauf existieren, einschlie\u00dflich derjenigen, die die Verwaltung und den Betrieb der Webseite erm\u00f6glichen und ihre Funktionen und Dienste aktivieren, wie zum Beispiel die Steuerung des Datenverkehrs und der Datenkommunikation, die Identifizierung der Sitzung, den Zugriff auf eingeschr\u00e4nkte Bereiche, das Erinnern an die Elemente, die eine Bestellung ausmachen, das Durchf\u00fchren des Kaufprozesses einer Bestellung, die Verwaltung der Zahlung, die Betrugsbek\u00e4mpfung, das Einreichen einer Registrierungsanfrage oder die Teilnahme an einer Veranstaltung, das Z\u00e4hlen von Besuchen usw.<\/li>\n  <li>Pr\u00e4ferenz- oder Personalisierungs-Cookies: Diese erm\u00f6glichen es, Informationen zu speichern, damit der Benutzer den Dienst mit bestimmten Merkmalen nutzen kann, die seine Erfahrung von der anderer Benutzer unterscheiden k\u00f6nnen, wie zum Beispiel Sprache, Anzahl der anzuzeigenden Ergebnisse, wenn der Benutzer eine Suche durchf\u00fchrt, das Erscheinungsbild oder der Inhalt des Dienstes basierend auf dem Typ des Browsers, \u00fcber den der Benutzer auf den Dienst zugreift, oder der Region, aus der er auf den Dienst zugreift usw.<\/li>\n  <li>Analyse-Cookies: Diese erm\u00f6glichen es uns, die Anzahl der Benutzer zu quantifizieren und so die Messung und statistische Analyse der Nutzung des angebotenen Dienstes durch die Benutzer durchzuf\u00fchren. Zu diesem Zweck wird das Browsen auf unserer Webseite analysiert, um das Angebot der Produkte oder Dienstleistungen, die wir anbieten, zu verbessern.<\/li>\n  <li>Werbe-Cookies: Diese erm\u00f6glichen es uns, das Angebot der Werbefl\u00e4chen auf der Webseite so effizient wie m\u00f6glich zu verwalten, indem der Inhalt der Anzeige an den Inhalt des angeforderten Dienstes oder die Nutzung unserer Webseite angepasst wird. Zu diesem Zweck k\u00f6nnen wir Ihre Surfgewohnheiten im Internet analysieren und Ihnen Werbung zeigen, die mit Ihrem Surfprofil zusammenh\u00e4ngt.<\/li>\n<\/ul>\n\nJe nach Dauer:\n<ul>\n  <li>Sitzungscookies: Diese sind daf\u00fcr ausgelegt, Daten zu sammeln und zu speichern, w\u00e4hrend der Benutzer auf eine Webseite zugreift. Sie werden normalerweise verwendet, um Informationen zu speichern, die nur f\u00fcr die Bereitstellung des vom Benutzer in einer einzigen Sitzung angeforderten Dienstes von Interesse sind (zum Beispiel eine Liste der gekauften Produkte) und verschwinden am Ende der Sitzung.<\/li>\n  <li>Permanente Cookies: Diese sind solche, bei denen die Daten weiterhin auf dem Ger\u00e4t gespeichert werden und w\u00e4hrend eines vom Cookie-Manager festgelegten Zeitraums, der von einigen Minuten bis zu mehreren Jahren reichen kann, abgerufen und verarbeitet werden k\u00f6nnen.<\/li>\n<\/ul>\n\n<h4><strong>Informationen \u00fcber die Arten von Cookies und deren Zweck<\/strong><\/h4>\n<strong>Welche Cookies verwenden wir?<\/strong>\n\nislabonitalovefestival.es verwendet die folgenden Arten von Cookies auf der Webseite:\n<ul>\n  <li><strong>Technische Cookies<\/strong>\nErm\u00f6glichen dem Benutzer die Navigation auf der Webseite.<\/li>\n  <li><strong>Personalisierungs-Cookies<\/strong>\nErm\u00f6glichen es, die Vorlieben des Benutzers zu kennen: Sprache, besuchte Produkte usw.<\/li>\n  <li><strong>Analyse-Cookies<\/strong>\nWir verwenden Google Analytics-Cookies, um die Anzahl der Benutzer, die die Webseite besuchen, zu quantifizieren. Diese Cookies erm\u00f6glichen es, die Art und Weise zu messen und zu analysieren, wie Benutzer auf der Webseite navigieren. Diese Informationen erm\u00f6glichen es der SOCIEDAD DE PROMOCION Y DESARROLLO ECONOMICO DE LA ISLA DE LA PALMA SAU, ihre Dienstleistungen und die Benutzererfahrung auf der Webseite kontinuierlich zu verbessern. F\u00fcr weitere Informationen k\u00f6nnen Sie die Datenschutzseite von Google Analytics einsehen: <a href=\"https:\/\/developers.google.com\/analytics\/devguides\/collection\/analyticsjs\/cookie-usage\" target=\"_blank\" rel=\"noopener\">https:\/\/developers.google.com\/analytics\/devguides\/collection\/analyticsjs\/cookie-usage<\/a>.<\/li>\n<\/ul>\n\n<strong>Cookies, die auf unserer Webdomain installiert sind:<\/strong>\n<table border=\"1\" width=\"80%\" cellpadding=\"0\">\n<tbody>\n<tr>\n<td height=\"29\">Cookie-Name<\/td>\n<td>\n<p align=\"left\">Zweck<\/p>\n<\/td>\n<td>\n<p align=\"left\">Eigene\/Drittanbieter<\/p>\n<\/td>\n<td>\n<p align=\"left\">Dauer<\/p>\n<\/td>\n<td>\n<p align=\"left\">Wann wird es installiert?<\/p>\n<\/td>\n<\/tr>\n<tr>\n<td width=\"157\">\n<p align=\"left\">Sitzungs-Cookie<\/p>\n<\/td>\n<td width=\"178\">\n<p align=\"left\">Technisch<\/p>\n<\/td>\n<td width=\"74\">\n<p align=\"left\">Eigene<\/p>\n<\/td>\n<td width=\"83\">\n<p align=\"left\">Sitzung<\/p>\n<\/td>\n<td width=\"148\">\n<p align=\"left\">Beim Zugriff auf die Webseite<\/p>\n<\/td>\n<\/tr>\n<tr>\n<td width=\"157\">\n<p align=\"left\">statistics<\/p>\n<\/td>\n<td width=\"178\">\n<p align=\"left\">Technisch<\/p>\n<\/td>\n<td width=\"74\">\n<p align=\"left\">Eigene<\/p>\n<\/td>\n<td width=\"83\">\n<p align=\"left\">Ein Monat<\/p>\n<\/td>\n<td width=\"148\">\n<p align=\"left\">Beim Zugriff auf die Webseite<\/p>\n<\/td>\n<\/tr>\n<tr>\n<td width=\"157\">\n<p align=\"left\">_utma<\/p>\n<\/td>\n<td width=\"178\">\n<p align=\"left\">Google Analytics-Analyse-Cookie, wird verwendet, um Benutzer und Sitzungen zu unterscheiden.<\/p>\n<\/td>\n<td width=\"74\">\n<p align=\"left\">Drittanbieter<\/p>\n<\/td>\n<td width=\"83\">\n<p align=\"left\">2 Jahre<\/p>\n<\/td>\n<td width=\"148\">\n<p align=\"left\">Beim Akzeptieren der Cookies<\/p>\n<\/td>\n<\/tr>\n<tr>\n<td width=\"157\">\n<p align=\"left\">_utmb\n_utmbta<\/p>\n<\/td>\n<td width=\"178\">\n<p align=\"left\">Google Analytics-Analyse-Cookie, wird verwendet, um neue Sitzungen oder Besuche zu bestimmen.<\/p>\n<\/td>\n<td width=\"74\">\n<p align=\"left\">Drittanbieter<\/p>\n<\/td>\n<td width=\"83\">\n<p align=\"left\">30 Minuten<\/p>\n<\/td>\n<td width=\"148\">\n<p align=\"left\">Beim Akzeptieren der Cookies<\/p>\n<\/td>\n<\/tr>\n<tr>\n<td width=\"157\">\n<p align=\"left\">_utmc<\/p>\n<\/td>\n<td width=\"178\">\n<p align=\"left\">Google Analytics-Analyse-Cookie, wird in ga.js nicht verwendet. Es ist so konfiguriert, dass es mit urchin.js interagiert. Fr\u00fcher agierte dieses Cookie zusammen mit dem __utmb-Cookie, um festzustellen, ob sich der Benutzer in einer neuen Sitzung oder einem neuen Besuch befand.<\/p>\n<\/td>\n<td width=\"74\">\n<p align=\"left\">Drittanbieter<\/p>\n<\/td>\n<td width=\"83\">\n<p align=\"left\">Sitzung<\/p>\n<\/td>\n<td width=\"148\">\n<p align=\"left\">Beim Akzeptieren der Cookies<\/p>\n<\/td>\n<\/tr>\n<tr>\n<td width=\"157\">\n<p align=\"left\">_utmv<\/p>\n<\/td>\n<td width=\"178\">\n<p align=\"left\">Google Analytics-Analyse-Cookie, wird verwendet, um Daten aus Registrierungen zu speichern, um diese sp\u00e4ter demografisch segmentieren zu k\u00f6nnen.<\/p>\n<\/td>\n<td width=\"74\">\n<p align=\"left\">Drittanbieter<\/p>\n<\/td>\n<td width=\"83\">\n<p align=\"left\">2 Jahre<\/p>\n<\/td>\n<td width=\"148\">\n<p align=\"left\">Beim Akzeptieren der Cookies<\/p>\n<\/td>\n<\/tr>\n<tr>\n<td width=\"157\">\n<p align=\"left\">_utmz<\/p>\n<\/td>\n<td width=\"178\">\n<p align=\"left\">Google Analytics-Analyse-Cookie, wird verwendet, um den Traffic zu berechnen, der von Suchmaschinen (organisch und PPC), Display-Werbekampagnen und der Navigation innerhalb derselben Webseite (interne Links) kommt.<\/p>\n<\/td>\n<td width=\"74\">\n<p align=\"left\">Drittanbieter<\/p>\n<\/td>\n<td width=\"83\">\n<p align=\"left\">6 Monate<\/p>\n<\/td>\n<td width=\"148\">\n<p align=\"left\">Beim Akzeptieren der Cookies<\/p>\n<\/td>\n<\/tr>\n<\/tbody>\n<\/table>\n\nDiese Webseite enth\u00e4lt, wie die meisten Webseiten, Funktionen von Drittanbietern. Unsere Webseite ist eine lebendige Webseite, und neue Designs oder Drittanbieterdienste k\u00f6nnen enthalten sein. Dies kann gelegentlich die Cookie-Einstellungen \u00e4ndern, und Cookies, die nicht detailliert in dieser Richtlinie beschrieben sind, k\u00f6nnen erscheinen.\n\n<strong>Von Drittanbietern auf unserer Webseite verwendete Cookies, die von Drittanbieter-Domains installiert werden, sind wie folgt:<\/strong>\n<table border=\"1\" width=\"80%\" cellpadding=\"0\" align=\"left\">\n<tbody>\n<tr>\n<td>Eigent\u00fcmer<\/td>\n<td>\n<p align=\"left\">Name<\/p>\n<\/td>\n<td>\n<p align=\"left\">Wann wird es installiert?<\/p>\n<\/td>\n<td>\n<p align=\"left\">Beschreibung<\/p>\n<\/td>\n<td>\n<p align=\"left\">Dauer<\/p>\n<\/td>\n<\/tr>\n<tr>\n<td width=\"139\">\n<p align=\"left\">Google<\/p>\n<\/td>\n<td width=\"159\">\n<p align=\"left\"><\/p>\n<\/td>\n<td width=\"64\">\n<p align=\"left\">Beim Surfen auf der Webseite und der Verwendung des Social Plugins<\/p>\n<\/td>\n<td width=\"111\">\n<p align=\"left\">Social Network Plugin, das es dem Benutzer erm\u00f6glicht, Videos zu teilen.<\/p>\n<\/td>\n<td width=\"84\">\n<p align=\"left\">Abh\u00e4ngig vom sozialen Netzwerk<\/p>\n<\/td>\n<\/tr>\n<\/tbody>\n<\/table>\n\nUnsere Seite kontrolliert nicht die Cookies, die von diesen Drittanbietern verwendet werden. F\u00fcr weitere Informationen zu Cookies von sozialen Netzwerken oder anderen externen Webseiten empfehlen wir, deren eigene Cookie-Richtlinien zu \u00fcberpr\u00fcfen.\n\n<h3><strong>Cookie-Einstellungen f\u00fcr beliebte Browser<\/strong><\/h3>\n(Hinweis: Diese Schritte k\u00f6nnen je nach Browser-Version variieren)\n\n<u>Chrome<\/u>:\nGehen Sie zu Einstellungen, indem Sie auf das Personalisierungssymbol klicken, das oben rechts mit drei vertikalen Punkten erscheint.\nGehen Sie zu Datenschutz und Sicherheit.\nW\u00e4hlen Sie Cookies und andere Webseitendaten. Dort k\u00f6nnen Sie w\u00e4hlen, wie Cookies kontrolliert werden.\n\n<u>Edge<\/u>:\nGehen Sie zu Einstellungen, indem Sie auf die drei horizontalen Balken oben rechts im Browser klicken.\nKlicken Sie auf Einstellungen und dann auf Cookies und Website-Berechtigungen.\nDort k\u00f6nnen Sie w\u00e4hlen, wie Cookies kontrolliert werden.\n\n<u>Firefox<\/u>:\nGehen Sie zu Einstellungen, indem Sie auf die drei horizontalen Balken oben rechts im Browser klicken.\nKlicken Sie auf Datenschutz &#038; Sicherheit.\nUnter Cookies und Websitedaten k\u00f6nnen Sie alles verwalten, was mit Cookies zu tun hat.\n\n<u>Opera<\/u>:\nGehen Sie zu Einfaches Setup, indem Sie auf die drei horizontalen Balken oben rechts im Browser klicken.\nKlicken Sie auf Datenschutz und Sicherheit.\nUnter Cookies und andere Websitedaten k\u00f6nnen Sie alles verwalten, was mit Cookies zu tun hat.\n\n<u>Safari f\u00fcr OSX:<\/u>\nGehen Sie zu Einstellungen, dann Datenschutz.\nHier sehen Sie die Option Cookies blockieren, damit Sie den gew\u00fcnschten Blockierungstyp einstellen k\u00f6nnen.\n\n<u>Safari f\u00fcr iOS:<\/u>\nGehen Sie zu Einstellungen, dann Safari.\nGehen Sie zu Datenschutz und Sicherheit, und Sie sehen die Option Cookies blockieren, damit Sie den gew\u00fcnschten Blockierungstyp einstellen k\u00f6nnen.\n\n<u>Android:<\/u>\nF\u00fchren Sie den Browser aus und dr\u00fccken Sie die Men\u00fc-Taste, dann Einstellungen.\nGehen Sie zu Sicherheit und Datenschutz, und Sie sehen die Option Cookies akzeptieren, um das Kontrollk\u00e4stchen zu aktivieren oder zu deaktivieren.\n\n<h4><strong>Weitere Informationen \u00fcber Cookies<\/strong><\/h4>\nEs werden keine Daten\u00fcbertragungen an Dritte durchgef\u00fchrt und keine Profile automatisch mit den durch Cookies erhaltenen Informationen erstellt.\n\nWeitere Informationen zum Datenschutz finden Sie im Impressum der Webseite.\n\nDar\u00fcber hinaus k\u00f6nnen Sie jederzeit Beschwerden \u00fcber Ihre Rechte bei der Aufsichtsbeh\u00f6rde einreichen (<a href=\"http:\/\/www.aepd.es\" target=\"_blank\" rel=\"noopener\">www.aepd.es<\/a>), die auch mehrere Leitf\u00e4den zu Cookies und Datenschutz im Internet enth\u00e4lt.\n\t\t\t\t\t\t\t\t<\/div>\n\t\t\t\t<\/div>\n\t\t\t\t\t<\/div>\n\t\t<\/div>\n\t\t\t\t\t<\/div>\n\t\t<\/section>\n\t\t\t\t<\/div>\n\t\t","protected":false},"excerpt":{"rendered":"<p>Was sind Cookies? Ein Cookie ist eine Datei, die auf Ihren Computer heruntergeladen wird, wenn Sie bestimmte Webseiten besuchen. Cookies erm\u00f6glichen es einer Webseite unter anderem, Informationen \u00fcber die Surfgewohnheiten eines Benutzers oder dessen Ger\u00e4t zu speichern und abzurufen. Abh\u00e4ngig von den enthaltenen Informationen und der Art und Weise, wie Sie Ihr Ger\u00e4t verwenden, k\u00f6nnen &#8230; <a title=\"Cookie-Richtlinie\" class=\"read-more\" href=\"https:\/\/www.islabonitalovefestival.es\/de\/cookie-richtlinie\/\" aria-label=\"Mehr Informationen \u00fcber Cookie-Richtlinie\">Weiterlesen<\/a><\/p>\n","protected":false},"author":1,"featured_media":0,"parent":0,"menu_order":0,"comment_status":"closed","ping_status":"closed","template":"","meta":{"footnotes":""},"class_list":["post-17063","page","type-page","status-publish"],"yoast_head":"<!-- This site is optimized with the Yoast SEO Premium plugin v22.0 (Yoast SEO v27.0) - https:\/\/yoast.com\/product\/yoast-seo-premium-wordpress\/ -->\n<title>Cookie-Richtlinie - Isla Bonita Love Festival<\/title>\n<meta name=\"robots\" content=\"index, follow, max-snippet:-1, max-image-preview:large, max-video-preview:-1\" \/>\n<link rel=\"canonical\" href=\"https:\/\/www.islabonitalovefestival.es\/de\/cookie-richtlinie\/\" \/>\n<meta property=\"og:locale\" content=\"de_DE\" \/>\n<meta property=\"og:type\" content=\"article\" \/>\n<meta property=\"og:title\" content=\"Cookie-Richtlinie\" \/>\n<meta property=\"og:description\" content=\"Was sind Cookies? Ein Cookie ist eine Datei, die auf Ihren Computer heruntergeladen wird, wenn Sie bestimmte Webseiten besuchen. Cookies erm\u00f6glichen es einer Webseite unter anderem, Informationen \u00fcber die Surfgewohnheiten eines Benutzers oder dessen Ger\u00e4t zu speichern und abzurufen. Abh\u00e4ngig von den enthaltenen Informationen und der Art und Weise, wie Sie Ihr Ger\u00e4t verwenden, k\u00f6nnen ... Weiterlesen\" \/>\n<meta property=\"og:url\" content=\"https:\/\/www.islabonitalovefestival.es\/de\/cookie-richtlinie\/\" \/>\n<meta property=\"og:site_name\" content=\"Isla Bonita Love Festival\" \/>\n<meta property=\"article:publisher\" content=\"https:\/\/www.facebook.com\/islabonitalovefestival\/\" \/>\n<meta property=\"article:modified_time\" content=\"2024-06-17T11:48:37+00:00\" \/>\n<meta name=\"twitter:card\" content=\"summary_large_image\" \/>\n<meta name=\"twitter:site\" content=\"@IslaBonitaLoveF\" \/>\n<script type=\"application\/ld+json\" class=\"yoast-schema-graph\">{\"@context\":\"https:\/\/schema.org\",\"@graph\":[{\"@type\":\"WebPage\",\"@id\":\"https:\/\/www.islabonitalovefestival.es\/de\/cookie-richtlinie\/\",\"url\":\"https:\/\/www.islabonitalovefestival.es\/de\/cookie-richtlinie\/\",\"name\":\"Cookie-Richtlinie - Isla Bonita Love Festival\",\"isPartOf\":{\"@id\":\"https:\/\/www.islabonitalovefestival.es\/#website\"},\"datePublished\":\"2016-04-13T10:49:05+00:00\",\"dateModified\":\"2024-06-17T11:48:37+00:00\",\"breadcrumb\":{\"@id\":\"https:\/\/www.islabonitalovefestival.es\/de\/cookie-richtlinie\/#breadcrumb\"},\"inLanguage\":\"de\",\"potentialAction\":[{\"@type\":\"ReadAction\",\"target\":[\"https:\/\/www.islabonitalovefestival.es\/de\/cookie-richtlinie\/\"]}]},{\"@type\":\"BreadcrumbList\",\"@id\":\"https:\/\/www.islabonitalovefestival.es\/de\/cookie-richtlinie\/#breadcrumb\",\"itemListElement\":[{\"@type\":\"ListItem\",\"position\":1,\"name\":\"Portada\",\"item\":\"https:\/\/www.islabonitalovefestival.es\/de\/\"},{\"@type\":\"ListItem\",\"position\":2,\"name\":\"Cookie-Richtlinie\"}]},{\"@type\":\"WebSite\",\"@id\":\"https:\/\/www.islabonitalovefestival.es\/#website\",\"url\":\"https:\/\/www.islabonitalovefestival.es\/\",\"name\":\"Isla Bonita Love Festival 2024\",\"description\":\"Festival de la multiculturalidad que se celebrar\u00e1 del 22 al 28 de julio de 2024 en La Palma\",\"publisher\":{\"@id\":\"https:\/\/www.islabonitalovefestival.es\/#organization\"},\"alternateName\":\"Love Festival 2024\",\"potentialAction\":[{\"@type\":\"SearchAction\",\"target\":{\"@type\":\"EntryPoint\",\"urlTemplate\":\"https:\/\/www.islabonitalovefestival.es\/?s={search_term_string}\"},\"query-input\":{\"@type\":\"PropertyValueSpecification\",\"valueRequired\":true,\"valueName\":\"search_term_string\"}}],\"inLanguage\":\"de\"},{\"@type\":\"Organization\",\"@id\":\"https:\/\/www.islabonitalovefestival.es\/#organization\",\"name\":\"Isla Bonita Love Festival La Palma 2024\",\"alternateName\":\"Love Festival\",\"url\":\"https:\/\/www.islabonitalovefestival.es\/\",\"logo\":{\"@type\":\"ImageObject\",\"inLanguage\":\"de\",\"@id\":\"https:\/\/www.islabonitalovefestival.es\/#\/schema\/logo\/image\/\",\"url\":\"https:\/\/www.islabonitalovefestival.es\/wp-content\/uploads\/2024\/03\/LF24_entrada.png\",\"contentUrl\":\"https:\/\/www.islabonitalovefestival.es\/wp-content\/uploads\/2024\/03\/LF24_entrada.png\",\"width\":800,\"height\":800,\"caption\":\"Isla Bonita Love Festival La Palma 2024\"},\"image\":{\"@id\":\"https:\/\/www.islabonitalovefestival.es\/#\/schema\/logo\/image\/\"},\"sameAs\":[\"https:\/\/www.facebook.com\/islabonitalovefestival\/\",\"https:\/\/x.com\/IslaBonitaLoveF\",\"https:\/\/www.instagram.com\/islabonitalovefest\/\",\"https:\/\/www.youtube.com\/channel\/UCT7DqYugOSkmQ9lWVL9UTJw\"],\"description\":\"Sociedad de Promoci\u00f3n y Desarrollo econ\u00f3mico y Social de La Palma, empresa p\u00fablica dependiente del Cabildo de La Palma\",\"email\":\"info@sodepal.es\",\"telephone\":\"922417323\",\"legalName\":\"Sociedad de Promoci\u00f3n y Desarrollo Econ\u00f3mico de la isla de La Palma S.A.U.\",\"publishingPrinciples\":\"https:\/\/www.islabonitalovefestival.es\/aviso-legal\/\",\"ownershipFundingInfo\":\"https:\/\/www.islabonitalovefestival.es\/aviso-legal\/\",\"actionableFeedbackPolicy\":\"https:\/\/www.islabonitalovefestival.es\/aviso-legal\/\",\"correctionsPolicy\":\"https:\/\/www.islabonitalovefestival.es\/aviso-legal\/\",\"ethicsPolicy\":\"https:\/\/www.islabonitalovefestival.es\/aviso-legal\/\",\"diversityPolicy\":\"https:\/\/www.islabonitalovefestival.es\/aviso-legal\/\",\"diversityStaffingReport\":\"https:\/\/www.islabonitalovefestival.es\/aviso-legal\/\"}]}<\/script>\n<!-- \/ Yoast SEO Premium plugin. -->","yoast_head_json":{"title":"Cookie-Richtlinie - Isla Bonita Love Festival","robots":{"index":"index","follow":"follow","max-snippet":"max-snippet:-1","max-image-preview":"max-image-preview:large","max-video-preview":"max-video-preview:-1"},"canonical":"https:\/\/www.islabonitalovefestival.es\/de\/cookie-richtlinie\/","og_locale":"de_DE","og_type":"article","og_title":"Cookie-Richtlinie","og_description":"Was sind Cookies? Ein Cookie ist eine Datei, die auf Ihren Computer heruntergeladen wird, wenn Sie bestimmte Webseiten besuchen. Cookies erm\u00f6glichen es einer Webseite unter anderem, Informationen \u00fcber die Surfgewohnheiten eines Benutzers oder dessen Ger\u00e4t zu speichern und abzurufen. Abh\u00e4ngig von den enthaltenen Informationen und der Art und Weise, wie Sie Ihr Ger\u00e4t verwenden, k\u00f6nnen ... Weiterlesen","og_url":"https:\/\/www.islabonitalovefestival.es\/de\/cookie-richtlinie\/","og_site_name":"Isla Bonita Love Festival","article_publisher":"https:\/\/www.facebook.com\/islabonitalovefestival\/","article_modified_time":"2024-06-17T11:48:37+00:00","twitter_card":"summary_large_image","twitter_site":"@IslaBonitaLoveF","schema":{"@context":"https:\/\/schema.org","@graph":[{"@type":"WebPage","@id":"https:\/\/www.islabonitalovefestival.es\/de\/cookie-richtlinie\/","url":"https:\/\/www.islabonitalovefestival.es\/de\/cookie-richtlinie\/","name":"Cookie-Richtlinie - Isla Bonita Love Festival","isPartOf":{"@id":"https:\/\/www.islabonitalovefestival.es\/#website"},"datePublished":"2016-04-13T10:49:05+00:00","dateModified":"2024-06-17T11:48:37+00:00","breadcrumb":{"@id":"https:\/\/www.islabonitalovefestival.es\/de\/cookie-richtlinie\/#breadcrumb"},"inLanguage":"de","potentialAction":[{"@type":"ReadAction","target":["https:\/\/www.islabonitalovefestival.es\/de\/cookie-richtlinie\/"]}]},{"@type":"BreadcrumbList","@id":"https:\/\/www.islabonitalovefestival.es\/de\/cookie-richtlinie\/#breadcrumb","itemListElement":[{"@type":"ListItem","position":1,"name":"Portada","item":"https:\/\/www.islabonitalovefestival.es\/de\/"},{"@type":"ListItem","position":2,"name":"Cookie-Richtlinie"}]},{"@type":"WebSite","@id":"https:\/\/www.islabonitalovefestival.es\/#website","url":"https:\/\/www.islabonitalovefestival.es\/","name":"Isla Bonita Love Festival 2024","description":"Festival de la multiculturalidad que se celebrar\u00e1 del 22 al 28 de julio de 2024 en La Palma","publisher":{"@id":"https:\/\/www.islabonitalovefestival.es\/#organization"},"alternateName":"Love Festival 2024","potentialAction":[{"@type":"SearchAction","target":{"@type":"EntryPoint","urlTemplate":"https:\/\/www.islabonitalovefestival.es\/?s={search_term_string}"},"query-input":{"@type":"PropertyValueSpecification","valueRequired":true,"valueName":"search_term_string"}}],"inLanguage":"de"},{"@type":"Organization","@id":"https:\/\/www.islabonitalovefestival.es\/#organization","name":"Isla Bonita Love Festival La Palma 2024","alternateName":"Love Festival","url":"https:\/\/www.islabonitalovefestival.es\/","logo":{"@type":"ImageObject","inLanguage":"de","@id":"https:\/\/www.islabonitalovefestival.es\/#\/schema\/logo\/image\/","url":"https:\/\/www.islabonitalovefestival.es\/wp-content\/uploads\/2024\/03\/LF24_entrada.png","contentUrl":"https:\/\/www.islabonitalovefestival.es\/wp-content\/uploads\/2024\/03\/LF24_entrada.png","width":800,"height":800,"caption":"Isla Bonita Love Festival La Palma 2024"},"image":{"@id":"https:\/\/www.islabonitalovefestival.es\/#\/schema\/logo\/image\/"},"sameAs":["https:\/\/www.facebook.com\/islabonitalovefestival\/","https:\/\/x.com\/IslaBonitaLoveF","https:\/\/www.instagram.com\/islabonitalovefest\/","https:\/\/www.youtube.com\/channel\/UCT7DqYugOSkmQ9lWVL9UTJw"],"description":"Sociedad de Promoci\u00f3n y Desarrollo econ\u00f3mico y Social de La Palma, empresa p\u00fablica dependiente del Cabildo de La Palma","email":"info@sodepal.es","telephone":"922417323","legalName":"Sociedad de Promoci\u00f3n y Desarrollo Econ\u00f3mico de la isla de La Palma S.A.U.","publishingPrinciples":"https:\/\/www.islabonitalovefestival.es\/aviso-legal\/","ownershipFundingInfo":"https:\/\/www.islabonitalovefestival.es\/aviso-legal\/","actionableFeedbackPolicy":"https:\/\/www.islabonitalovefestival.es\/aviso-legal\/","correctionsPolicy":"https:\/\/www.islabonitalovefestival.es\/aviso-legal\/","ethicsPolicy":"https:\/\/www.islabonitalovefestival.es\/aviso-legal\/","diversityPolicy":"https:\/\/www.islabonitalovefestival.es\/aviso-legal\/","diversityStaffingReport":"https:\/\/www.islabonitalovefestival.es\/aviso-legal\/"}]}},"_links":{"self":[{"href":"https:\/\/www.islabonitalovefestival.es\/de\/wp-json\/wp\/v2\/pages\/17063","targetHints":{"allow":["GET"]}}],"collection":[{"href":"https:\/\/www.islabonitalovefestival.es\/de\/wp-json\/wp\/v2\/pages"}],"about":[{"href":"https:\/\/www.islabonitalovefestival.es\/de\/wp-json\/wp\/v2\/types\/page"}],"author":[{"embeddable":true,"href":"https:\/\/www.islabonitalovefestival.es\/de\/wp-json\/wp\/v2\/users\/1"}],"replies":[{"embeddable":true,"href":"https:\/\/www.islabonitalovefestival.es\/de\/wp-json\/wp\/v2\/comments?post=17063"}],"version-history":[{"count":6,"href":"https:\/\/www.islabonitalovefestival.es\/de\/wp-json\/wp\/v2\/pages\/17063\/revisions"}],"predecessor-version":[{"id":17207,"href":"https:\/\/www.islabonitalovefestival.es\/de\/wp-json\/wp\/v2\/pages\/17063\/revisions\/17207"}],"wp:attachment":[{"href":"https:\/\/www.islabonitalovefestival.es\/de\/wp-json\/wp\/v2\/media?parent=17063"}],"curies":[{"name":"wp","href":"https:\/\/api.w.org\/{rel}","templated":true}]}}