{"id":13365,"date":"2024-05-28T16:23:54","date_gmt":"2024-05-28T15:23:54","guid":{"rendered":"https:\/\/www.islabonitalovefestival.es\/come-to-love-festival\/"},"modified":"2024-06-28T09:26:13","modified_gmt":"2024-06-28T08:26:13","slug":"come-to-love-festival","status":"publish","type":"page","link":"https:\/\/www.islabonitalovefestival.es\/en\/come-to-love-festival\/","title":{"rendered":"Come to Love Festival"},"content":{"rendered":"\t\t<div data-elementor-type=\"wp-page\" data-elementor-id=\"13365\" class=\"elementor elementor-13365\" data-elementor-post-type=\"page\">\n\t\t\t\t\t\t<section data-particle_enable=\"false\" data-particle-mobile-disabled=\"false\" class=\"elementor-section elementor-top-section elementor-element elementor-element-363cf7f elementor-section-boxed elementor-section-height-default elementor-section-height-default\" data-id=\"363cf7f\" data-element_type=\"section\" data-e-type=\"section\">\n\t\t\t\t\t\t<div class=\"elementor-container elementor-column-gap-default\">\n\t\t\t\t\t<div class=\"elementor-column elementor-col-100 elementor-top-column elementor-element elementor-element-320c17a\" data-id=\"320c17a\" data-element_type=\"column\" data-e-type=\"column\">\n\t\t\t<div class=\"elementor-widget-wrap elementor-element-populated\">\n\t\t\t\t\t\t<div class=\"elementor-element elementor-element-f996d6e elementor-invisible elementor-widget elementor-widget-image\" data-id=\"f996d6e\" data-element_type=\"widget\" data-e-type=\"widget\" data-settings=\"{&quot;_animation&quot;:&quot;fadeInRight&quot;}\" data-widget_type=\"image.default\">\n\t\t\t\t<div class=\"elementor-widget-container\">\n\t\t\t\t\t\t\t\t\t\t\t\t\t\t\t\t<a href=\"https:\/\/bit.ly\/3WKsmCt\" target=\"_blank\">\n\t\t\t\t\t\t\t<img fetchpriority=\"high\" decoding=\"async\" width=\"1024\" height=\"474\" src=\"https:\/\/www.islabonitalovefestival.es\/wp-content\/uploads\/2024\/06\/paquete_en_1-1024x474.jpg\" class=\"attachment-large size-large wp-image-17233\" alt=\"\" srcset=\"https:\/\/www.islabonitalovefestival.es\/wp-content\/uploads\/2024\/06\/paquete_en_1-1024x474.jpg 1024w, https:\/\/www.islabonitalovefestival.es\/wp-content\/uploads\/2024\/06\/paquete_en_1-300x139.jpg 300w, https:\/\/www.islabonitalovefestival.es\/wp-content\/uploads\/2024\/06\/paquete_en_1-768x356.jpg 768w, https:\/\/www.islabonitalovefestival.es\/wp-content\/uploads\/2024\/06\/paquete_en_1.jpg 1080w\" sizes=\"(max-width: 1024px) 100vw, 1024px\" \/>\t\t\t\t\t\t\t\t<\/a>\n\t\t\t\t\t\t\t\t\t\t\t\t\t\t\t<\/div>\n\t\t\t\t<\/div>\n\t\t\t\t<div class=\"elementor-element elementor-element-43560c1 elementor-invisible elementor-widget elementor-widget-image\" data-id=\"43560c1\" data-element_type=\"widget\" data-e-type=\"widget\" data-settings=\"{&quot;_animation&quot;:&quot;fadeInLeft&quot;}\" data-widget_type=\"image.default\">\n\t\t\t\t<div class=\"elementor-widget-container\">\n\t\t\t\t\t\t\t\t\t\t\t\t\t\t\t\t<a href=\"https:\/\/bit.ly\/3yqODLs\" target=\"_blank\">\n\t\t\t\t\t\t\t<img decoding=\"async\" width=\"1024\" height=\"474\" src=\"https:\/\/www.islabonitalovefestival.es\/wp-content\/uploads\/2024\/06\/paquete_en_2-1024x474.jpg\" class=\"attachment-large size-large wp-image-17230\" alt=\"\" srcset=\"https:\/\/www.islabonitalovefestival.es\/wp-content\/uploads\/2024\/06\/paquete_en_2-1024x474.jpg 1024w, https:\/\/www.islabonitalovefestival.es\/wp-content\/uploads\/2024\/06\/paquete_en_2-300x139.jpg 300w, https:\/\/www.islabonitalovefestival.es\/wp-content\/uploads\/2024\/06\/paquete_en_2-768x356.jpg 768w, https:\/\/www.islabonitalovefestival.es\/wp-content\/uploads\/2024\/06\/paquete_en_2.jpg 1080w\" sizes=\"(max-width: 1024px) 100vw, 1024px\" \/>\t\t\t\t\t\t\t\t<\/a>\n\t\t\t\t\t\t\t\t\t\t\t\t\t\t\t<\/div>\n\t\t\t\t<\/div>\n\t\t\t\t<div class=\"elementor-element elementor-element-651edf5 elementor-invisible elementor-widget elementor-widget-image\" data-id=\"651edf5\" data-element_type=\"widget\" data-e-type=\"widget\" data-settings=\"{&quot;_animation&quot;:&quot;fadeInRight&quot;}\" data-widget_type=\"image.default\">\n\t\t\t\t<div class=\"elementor-widget-container\">\n\t\t\t\t\t\t\t\t\t\t\t\t\t\t\t\t<a href=\"https:\/\/www.tomaticket.es\/index.php?accion=evento&#038;IdEvento=686736\" target=\"_blank\">\n\t\t\t\t\t\t\t<img decoding=\"async\" width=\"1024\" height=\"507\" src=\"https:\/\/www.islabonitalovefestival.es\/wp-content\/uploads\/2024\/06\/paquete_entrada_barco2_EN-1024x507.jpg\" class=\"attachment-large size-large wp-image-17422\" alt=\"\" srcset=\"https:\/\/www.islabonitalovefestival.es\/wp-content\/uploads\/2024\/06\/paquete_entrada_barco2_EN-1024x507.jpg 1024w, https:\/\/www.islabonitalovefestival.es\/wp-content\/uploads\/2024\/06\/paquete_entrada_barco2_EN-300x148.jpg 300w, https:\/\/www.islabonitalovefestival.es\/wp-content\/uploads\/2024\/06\/paquete_entrada_barco2_EN-768x380.jpg 768w, https:\/\/www.islabonitalovefestival.es\/wp-content\/uploads\/2024\/06\/paquete_entrada_barco2_EN-1536x760.jpg 1536w, https:\/\/www.islabonitalovefestival.es\/wp-content\/uploads\/2024\/06\/paquete_entrada_barco2_EN.jpg 1920w\" sizes=\"(max-width: 1024px) 100vw, 1024px\" \/>\t\t\t\t\t\t\t\t<\/a>\n\t\t\t\t\t\t\t\t\t\t\t\t\t\t\t<\/div>\n\t\t\t\t<\/div>\n\t\t\t\t<div class=\"elementor-element elementor-element-051fee1 elementor-invisible elementor-widget elementor-widget-image\" data-id=\"051fee1\" data-element_type=\"widget\" data-e-type=\"widget\" data-settings=\"{&quot;_animation&quot;:&quot;fadeInLeft&quot;}\" data-widget_type=\"image.default\">\n\t\t\t\t<div class=\"elementor-widget-container\">\n\t\t\t\t\t\t\t\t\t\t\t\t\t\t\t\t<a href=\"https:\/\/lapalmashuttle.com\/lovefestival24\/\" target=\"_blank\">\n\t\t\t\t\t\t\t<img loading=\"lazy\" decoding=\"async\" width=\"1024\" height=\"474\" src=\"https:\/\/www.islabonitalovefestival.es\/wp-content\/uploads\/2024\/06\/return_transfer_EN-1024x474.webp\" class=\"attachment-large size-large wp-image-17607\" alt=\"\" srcset=\"https:\/\/www.islabonitalovefestival.es\/wp-content\/uploads\/2024\/06\/return_transfer_EN-1024x474.webp 1024w, https:\/\/www.islabonitalovefestival.es\/wp-content\/uploads\/2024\/06\/return_transfer_EN-300x139.webp 300w, https:\/\/www.islabonitalovefestival.es\/wp-content\/uploads\/2024\/06\/return_transfer_EN-768x356.webp 768w, https:\/\/www.islabonitalovefestival.es\/wp-content\/uploads\/2024\/06\/return_transfer_EN.webp 1080w\" sizes=\"(max-width: 1024px) 100vw, 1024px\" \/>\t\t\t\t\t\t\t\t<\/a>\n\t\t\t\t\t\t\t\t\t\t\t\t\t\t\t<\/div>\n\t\t\t\t<\/div>\n\t\t\t\t\t<\/div>\n\t\t<\/div>\n\t\t\t\t\t<\/div>\n\t\t<\/section>\n\t\t\t\t<\/div>\n\t\t","protected":false},"excerpt":{"rendered":"","protected":false},"author":1,"featured_media":0,"parent":0,"menu_order":0,"comment_status":"closed","ping_status":"closed","template":"","meta":{"footnotes":""},"class_list":["post-13365","page","type-page","status-publish"],"yoast_head":"<!-- This site is optimized with the Yoast SEO Premium plugin v22.0 (Yoast SEO v27.0) - https:\/\/yoast.com\/product\/yoast-seo-premium-wordpress\/ -->\n<title>Come to Love Festival - Isla Bonita Love Festival<\/title>\n<meta name=\"robots\" content=\"index, follow, max-snippet:-1, max-image-preview:large, max-video-preview:-1\" \/>\n<link rel=\"canonical\" href=\"https:\/\/www.islabonitalovefestival.es\/en\/come-to-love-festival\/\" \/>\n<meta property=\"og:locale\" content=\"en_US\" \/>\n<meta property=\"og:type\" content=\"article\" \/>\n<meta property=\"og:title\" content=\"Come to Love Festival\" \/>\n<meta property=\"og:url\" content=\"https:\/\/www.islabonitalovefestival.es\/en\/come-to-love-festival\/\" \/>\n<meta property=\"og:site_name\" content=\"Isla Bonita Love Festival\" \/>\n<meta property=\"article:publisher\" content=\"https:\/\/www.facebook.com\/islabonitalovefestival\/\" \/>\n<meta property=\"article:modified_time\" content=\"2024-06-28T08:26:13+00:00\" \/>\n<meta property=\"og:image\" content=\"https:\/\/www.islabonitalovefestival.es\/wp-content\/uploads\/2024\/06\/paquete_en_1-1024x474.jpg\" \/>\n<meta name=\"twitter:card\" content=\"summary_large_image\" \/>\n<meta name=\"twitter:site\" content=\"@IslaBonitaLoveF\" \/>\n<script type=\"application\/ld+json\" class=\"yoast-schema-graph\">{\"@context\":\"https:\/\/schema.org\",\"@graph\":[{\"@type\":\"WebPage\",\"@id\":\"https:\/\/www.islabonitalovefestival.es\/en\/come-to-love-festival\/\",\"url\":\"https:\/\/www.islabonitalovefestival.es\/en\/come-to-love-festival\/\",\"name\":\"Come to Love Festival - Isla Bonita Love Festival\",\"isPartOf\":{\"@id\":\"https:\/\/www.islabonitalovefestival.es\/#website\"},\"primaryImageOfPage\":{\"@id\":\"https:\/\/www.islabonitalovefestival.es\/en\/come-to-love-festival\/#primaryimage\"},\"image\":{\"@id\":\"https:\/\/www.islabonitalovefestival.es\/en\/come-to-love-festival\/#primaryimage\"},\"thumbnailUrl\":\"https:\/\/www.islabonitalovefestival.es\/wp-content\/uploads\/2024\/06\/paquete_en_1-1024x474.jpg\",\"datePublished\":\"2024-05-28T15:23:54+00:00\",\"dateModified\":\"2024-06-28T08:26:13+00:00\",\"breadcrumb\":{\"@id\":\"https:\/\/www.islabonitalovefestival.es\/en\/come-to-love-festival\/#breadcrumb\"},\"inLanguage\":\"en-US\",\"potentialAction\":[{\"@type\":\"ReadAction\",\"target\":[\"https:\/\/www.islabonitalovefestival.es\/en\/come-to-love-festival\/\"]}]},{\"@type\":\"ImageObject\",\"inLanguage\":\"en-US\",\"@id\":\"https:\/\/www.islabonitalovefestival.es\/en\/come-to-love-festival\/#primaryimage\",\"url\":\"https:\/\/www.islabonitalovefestival.es\/wp-content\/uploads\/2024\/06\/paquete_en_1-1024x474.jpg\",\"contentUrl\":\"https:\/\/www.islabonitalovefestival.es\/wp-content\/uploads\/2024\/06\/paquete_en_1-1024x474.jpg\"},{\"@type\":\"BreadcrumbList\",\"@id\":\"https:\/\/www.islabonitalovefestival.es\/en\/come-to-love-festival\/#breadcrumb\",\"itemListElement\":[{\"@type\":\"ListItem\",\"position\":1,\"name\":\"Portada\",\"item\":\"https:\/\/www.islabonitalovefestival.es\/en\/\"},{\"@type\":\"ListItem\",\"position\":2,\"name\":\"Come to Love Festival\"}]},{\"@type\":\"WebSite\",\"@id\":\"https:\/\/www.islabonitalovefestival.es\/#website\",\"url\":\"https:\/\/www.islabonitalovefestival.es\/\",\"name\":\"Isla Bonita Love Festival 2024\",\"description\":\"Festival de la multiculturalidad que se celebrar\u00e1 del 22 al 28 de julio de 2024 en La Palma\",\"publisher\":{\"@id\":\"https:\/\/www.islabonitalovefestival.es\/#organization\"},\"alternateName\":\"Love Festival 2024\",\"potentialAction\":[{\"@type\":\"SearchAction\",\"target\":{\"@type\":\"EntryPoint\",\"urlTemplate\":\"https:\/\/www.islabonitalovefestival.es\/?s={search_term_string}\"},\"query-input\":{\"@type\":\"PropertyValueSpecification\",\"valueRequired\":true,\"valueName\":\"search_term_string\"}}],\"inLanguage\":\"en-US\"},{\"@type\":\"Organization\",\"@id\":\"https:\/\/www.islabonitalovefestival.es\/#organization\",\"name\":\"Isla Bonita Love Festival La Palma 2024\",\"alternateName\":\"Love Festival\",\"url\":\"https:\/\/www.islabonitalovefestival.es\/\",\"logo\":{\"@type\":\"ImageObject\",\"inLanguage\":\"en-US\",\"@id\":\"https:\/\/www.islabonitalovefestival.es\/#\/schema\/logo\/image\/\",\"url\":\"https:\/\/www.islabonitalovefestival.es\/wp-content\/uploads\/2024\/03\/LF24_entrada.png\",\"contentUrl\":\"https:\/\/www.islabonitalovefestival.es\/wp-content\/uploads\/2024\/03\/LF24_entrada.png\",\"width\":800,\"height\":800,\"caption\":\"Isla Bonita Love Festival La Palma 2024\"},\"image\":{\"@id\":\"https:\/\/www.islabonitalovefestival.es\/#\/schema\/logo\/image\/\"},\"sameAs\":[\"https:\/\/www.facebook.com\/islabonitalovefestival\/\",\"https:\/\/x.com\/IslaBonitaLoveF\",\"https:\/\/www.instagram.com\/islabonitalovefest\/\",\"https:\/\/www.youtube.com\/channel\/UCT7DqYugOSkmQ9lWVL9UTJw\"],\"description\":\"Sociedad de Promoci\u00f3n y Desarrollo econ\u00f3mico y Social de La Palma, empresa p\u00fablica dependiente del Cabildo de La Palma\",\"email\":\"info@sodepal.es\",\"telephone\":\"922417323\",\"legalName\":\"Sociedad de Promoci\u00f3n y Desarrollo Econ\u00f3mico de la isla de La Palma S.A.U.\",\"publishingPrinciples\":\"https:\/\/www.islabonitalovefestival.es\/aviso-legal\/\",\"ownershipFundingInfo\":\"https:\/\/www.islabonitalovefestival.es\/aviso-legal\/\",\"actionableFeedbackPolicy\":\"https:\/\/www.islabonitalovefestival.es\/aviso-legal\/\",\"correctionsPolicy\":\"https:\/\/www.islabonitalovefestival.es\/aviso-legal\/\",\"ethicsPolicy\":\"https:\/\/www.islabonitalovefestival.es\/aviso-legal\/\",\"diversityPolicy\":\"https:\/\/www.islabonitalovefestival.es\/aviso-legal\/\",\"diversityStaffingReport\":\"https:\/\/www.islabonitalovefestival.es\/aviso-legal\/\"}]}<\/script>\n<!-- \/ Yoast SEO Premium plugin. -->","yoast_head_json":{"title":"Come to Love Festival - Isla Bonita Love Festival","robots":{"index":"index","follow":"follow","max-snippet":"max-snippet:-1","max-image-preview":"max-image-preview:large","max-video-preview":"max-video-preview:-1"},"canonical":"https:\/\/www.islabonitalovefestival.es\/en\/come-to-love-festival\/","og_locale":"en_US","og_type":"article","og_title":"Come to Love Festival","og_url":"https:\/\/www.islabonitalovefestival.es\/en\/come-to-love-festival\/","og_site_name":"Isla Bonita Love Festival","article_publisher":"https:\/\/www.facebook.com\/islabonitalovefestival\/","article_modified_time":"2024-06-28T08:26:13+00:00","og_image":[{"url":"https:\/\/www.islabonitalovefestival.es\/wp-content\/uploads\/2024\/06\/paquete_en_1-1024x474.jpg","type":"","width":"","height":""}],"twitter_card":"summary_large_image","twitter_site":"@IslaBonitaLoveF","schema":{"@context":"https:\/\/schema.org","@graph":[{"@type":"WebPage","@id":"https:\/\/www.islabonitalovefestival.es\/en\/come-to-love-festival\/","url":"https:\/\/www.islabonitalovefestival.es\/en\/come-to-love-festival\/","name":"Come to Love Festival - Isla Bonita Love Festival","isPartOf":{"@id":"https:\/\/www.islabonitalovefestival.es\/#website"},"primaryImageOfPage":{"@id":"https:\/\/www.islabonitalovefestival.es\/en\/come-to-love-festival\/#primaryimage"},"image":{"@id":"https:\/\/www.islabonitalovefestival.es\/en\/come-to-love-festival\/#primaryimage"},"thumbnailUrl":"https:\/\/www.islabonitalovefestival.es\/wp-content\/uploads\/2024\/06\/paquete_en_1-1024x474.jpg","datePublished":"2024-05-28T15:23:54+00:00","dateModified":"2024-06-28T08:26:13+00:00","breadcrumb":{"@id":"https:\/\/www.islabonitalovefestival.es\/en\/come-to-love-festival\/#breadcrumb"},"inLanguage":"en-US","potentialAction":[{"@type":"ReadAction","target":["https:\/\/www.islabonitalovefestival.es\/en\/come-to-love-festival\/"]}]},{"@type":"ImageObject","inLanguage":"en-US","@id":"https:\/\/www.islabonitalovefestival.es\/en\/come-to-love-festival\/#primaryimage","url":"https:\/\/www.islabonitalovefestival.es\/wp-content\/uploads\/2024\/06\/paquete_en_1-1024x474.jpg","contentUrl":"https:\/\/www.islabonitalovefestival.es\/wp-content\/uploads\/2024\/06\/paquete_en_1-1024x474.jpg"},{"@type":"BreadcrumbList","@id":"https:\/\/www.islabonitalovefestival.es\/en\/come-to-love-festival\/#breadcrumb","itemListElement":[{"@type":"ListItem","position":1,"name":"Portada","item":"https:\/\/www.islabonitalovefestival.es\/en\/"},{"@type":"ListItem","position":2,"name":"Come to Love Festival"}]},{"@type":"WebSite","@id":"https:\/\/www.islabonitalovefestival.es\/#website","url":"https:\/\/www.islabonitalovefestival.es\/","name":"Isla Bonita Love Festival 2024","description":"Festival de la multiculturalidad que se celebrar\u00e1 del 22 al 28 de julio de 2024 en La Palma","publisher":{"@id":"https:\/\/www.islabonitalovefestival.es\/#organization"},"alternateName":"Love Festival 2024","potentialAction":[{"@type":"SearchAction","target":{"@type":"EntryPoint","urlTemplate":"https:\/\/www.islabonitalovefestival.es\/?s={search_term_string}"},"query-input":{"@type":"PropertyValueSpecification","valueRequired":true,"valueName":"search_term_string"}}],"inLanguage":"en-US"},{"@type":"Organization","@id":"https:\/\/www.islabonitalovefestival.es\/#organization","name":"Isla Bonita Love Festival La Palma 2024","alternateName":"Love Festival","url":"https:\/\/www.islabonitalovefestival.es\/","logo":{"@type":"ImageObject","inLanguage":"en-US","@id":"https:\/\/www.islabonitalovefestival.es\/#\/schema\/logo\/image\/","url":"https:\/\/www.islabonitalovefestival.es\/wp-content\/uploads\/2024\/03\/LF24_entrada.png","contentUrl":"https:\/\/www.islabonitalovefestival.es\/wp-content\/uploads\/2024\/03\/LF24_entrada.png","width":800,"height":800,"caption":"Isla Bonita Love Festival La Palma 2024"},"image":{"@id":"https:\/\/www.islabonitalovefestival.es\/#\/schema\/logo\/image\/"},"sameAs":["https:\/\/www.facebook.com\/islabonitalovefestival\/","https:\/\/x.com\/IslaBonitaLoveF","https:\/\/www.instagram.com\/islabonitalovefest\/","https:\/\/www.youtube.com\/channel\/UCT7DqYugOSkmQ9lWVL9UTJw"],"description":"Sociedad de Promoci\u00f3n y Desarrollo econ\u00f3mico y Social de La Palma, empresa p\u00fablica dependiente del Cabildo de La Palma","email":"info@sodepal.es","telephone":"922417323","legalName":"Sociedad de Promoci\u00f3n y Desarrollo Econ\u00f3mico de la isla de La Palma S.A.U.","publishingPrinciples":"https:\/\/www.islabonitalovefestival.es\/aviso-legal\/","ownershipFundingInfo":"https:\/\/www.islabonitalovefestival.es\/aviso-legal\/","actionableFeedbackPolicy":"https:\/\/www.islabonitalovefestival.es\/aviso-legal\/","correctionsPolicy":"https:\/\/www.islabonitalovefestival.es\/aviso-legal\/","ethicsPolicy":"https:\/\/www.islabonitalovefestival.es\/aviso-legal\/","diversityPolicy":"https:\/\/www.islabonitalovefestival.es\/aviso-legal\/","diversityStaffingReport":"https:\/\/www.islabonitalovefestival.es\/aviso-legal\/"}]}},"_links":{"self":[{"href":"https:\/\/www.islabonitalovefestival.es\/en\/wp-json\/wp\/v2\/pages\/13365","targetHints":{"allow":["GET"]}}],"collection":[{"href":"https:\/\/www.islabonitalovefestival.es\/en\/wp-json\/wp\/v2\/pages"}],"about":[{"href":"https:\/\/www.islabonitalovefestival.es\/en\/wp-json\/wp\/v2\/types\/page"}],"author":[{"embeddable":true,"href":"https:\/\/www.islabonitalovefestival.es\/en\/wp-json\/wp\/v2\/users\/1"}],"replies":[{"embeddable":true,"href":"https:\/\/www.islabonitalovefestival.es\/en\/wp-json\/wp\/v2\/comments?post=13365"}],"version-history":[{"count":18,"href":"https:\/\/www.islabonitalovefestival.es\/en\/wp-json\/wp\/v2\/pages\/13365\/revisions"}],"predecessor-version":[{"id":17616,"href":"https:\/\/www.islabonitalovefestival.es\/en\/wp-json\/wp\/v2\/pages\/13365\/revisions\/17616"}],"wp:attachment":[{"href":"https:\/\/www.islabonitalovefestival.es\/en\/wp-json\/wp\/v2\/media?parent=13365"}],"curies":[{"name":"wp","href":"https:\/\/api.w.org\/{rel}","templated":true}]}}