{"id":17052,"date":"2016-04-13T11:49:05","date_gmt":"2016-04-13T10:49:05","guid":{"rendered":"https:\/\/www.islabonitalovefestival.es\/cookie-policy\/"},"modified":"2024-06-17T12:47:48","modified_gmt":"2024-06-17T11:47:48","slug":"cookie-policy","status":"publish","type":"page","link":"https:\/\/www.islabonitalovefestival.es\/en\/cookie-policy\/","title":{"rendered":"Cookie Policy"},"content":{"rendered":"\t\t<div data-elementor-type=\"wp-page\" data-elementor-id=\"17052\" class=\"elementor elementor-17052\" data-elementor-post-type=\"page\">\n\t\t\t\t\t\t<section data-particle_enable=\"false\" data-particle-mobile-disabled=\"false\" class=\"elementor-section elementor-top-section elementor-element elementor-element-5e33cb94 elementor-section-boxed elementor-section-height-default elementor-section-height-default\" data-id=\"5e33cb94\" data-element_type=\"section\" data-e-type=\"section\">\n\t\t\t\t\t\t<div class=\"elementor-container elementor-column-gap-default\">\n\t\t\t\t\t<div class=\"elementor-column elementor-col-100 elementor-top-column elementor-element elementor-element-32f08bab\" data-id=\"32f08bab\" data-element_type=\"column\" data-e-type=\"column\">\n\t\t\t<div class=\"elementor-widget-wrap elementor-element-populated\">\n\t\t\t\t\t\t<div class=\"elementor-element elementor-element-772ddf53 elementor-widget elementor-widget-text-editor\" data-id=\"772ddf53\" data-element_type=\"widget\" data-e-type=\"widget\" data-widget_type=\"text-editor.default\">\n\t\t\t\t<div class=\"elementor-widget-container\">\n\t\t\t\t\t\t\t\t\t<h4><strong>What are cookies?<\/strong><\/h4>\nA cookie is a file that is downloaded to your computer when you access certain web pages. Cookies allow a website to, among other things, store and retrieve information about a user&#8217;s browsing habits or their device, and depending on the information they contain and the way you use your device, they can be used to recognize the user.\n\nThis website uses cookies and\/or similar technologies that store and retrieve information when you browse. In general, these technologies can serve various purposes, such as recognizing you as a user, obtaining information about your browsing habits, or personalizing the way content is displayed. The specific uses we make of these technologies are described below.\n\n<strong>What types of cookies are there?<\/strong>\n\nAccording to who manages them:\n<ul>\n  <li>First-party cookies: These are sent to the user&#8217;s device from a domain managed by the visited website and from which the service requested by the user is provided.<\/li>\n  <li>Third-party cookies: These are sent to the user&#8217;s device from a domain not managed by the visited website but by another entity that processes the data.<\/li>\n<\/ul>\n\nAccording to their purpose:\n<ul>\n  <li>Technical cookies: These allow the user to navigate through a website and use the different options or services that exist on it, including those that allow the management and operation of the website and enable its functions and services, such as controlling traffic and data communication, identifying the session, accessing restricted areas, remembering the items in an order, carrying out the purchase process of an order, managing payment, controlling fraud, making a registration request or participating in an event, counting visits, etc.<\/li>\n  <li>Preference or personalization cookies: These allow information to be remembered so that the user accesses the service with certain features that can differentiate their experience from that of other users, such as language, the number of results to display when the user performs a search, the appearance or content of the service based on the type of browser through which the user accesses the service or the region from which they access the service, etc.<\/li>\n  <li>Analysis cookies: These allow us to quantify the number of users and thus perform the measurement and statistical analysis of the use made by users of the offered service. To do this, their browsing on our website is analyzed to improve the offer of products or services we offer.<\/li>\n  <li>Advertising cookies: These allow us to manage, as efficiently as possible, the offer of advertising spaces on the website, adapting the content of the ad to the content of the requested service or the use you make of our website. To do this, we can analyze your browsing habits on the internet and show you advertising related to your browsing profile.<\/li>\n<\/ul>\n\nAccording to their duration:\n<ul>\n  <li>Session cookies: These are designed to collect and store data while the user accesses a web page. They are usually used to store information that is only of interest to keep for the provision of the service requested by the user on a single occasion (for example, a list of purchased products) and disappear at the end of the session.<\/li>\n  <li>Persistent cookies: These are those in which the data is still stored on the device and can be accessed and processed during a period defined by the cookie&#8217;s manager, which can range from a few minutes to several years.<\/li>\n<\/ul>\n\n<h4><strong>Information about the types of cookies and their purposes<\/strong><\/h4>\n<strong>What cookies do we use?<\/strong>\n\nislabonitalovefestival.es uses the following types of cookies on the website:\n<ul>\n  <li><strong>Technical cookies<\/strong>\nAllow the user to navigate the Web.<\/li>\n  <li><strong>Personalization cookies<\/strong>\nAllow knowing the user&#8217;s preferences: language, visited products, etc.<\/li>\n  <li><strong>Analysis cookies<\/strong>\nWe use Google Analytics cookies to quantify the number of users who visit the website. These cookies allow us to measure and analyze how users navigate the Web. This information allows SOCIEDAD DE PROMOCION Y DESARROLLO ECONOMICO DE LA ISLA DE LA PALMA SAU to continuously improve its services and the user experience on the Web. For more information, you can consult the Google Analytics privacy page: <a href=\"https:\/\/developers.google.com\/analytics\/devguides\/collection\/analyticsjs\/cookie-usage\" target=\"_blank\" rel=\"noopener\">https:\/\/developers.google.com\/analytics\/devguides\/collection\/analyticsjs\/cookie-usage<\/a>.<\/li>\n<\/ul>\n\n<strong>Cookies installed on our web domain:<\/strong>\n<table border=\"1\" width=\"80%\" cellpadding=\"0\">\n<tbody>\n<tr>\n<td height=\"29\">Cookie Name<\/td>\n<td>\n<p align=\"left\">Purpose<\/p>\n<\/td>\n<td>\n<p align=\"left\">First\/Third-party<\/p>\n<\/td>\n<td>\n<p align=\"left\">Duration<\/p>\n<\/td>\n<td>\n<p align=\"left\">When is it installed?<\/p>\n<\/td>\n<\/tr>\n<tr>\n<td width=\"157\">\n<p align=\"left\">Session Cookie<\/p>\n<\/td>\n<td width=\"178\">\n<p align=\"left\">Technical<\/p>\n<\/td>\n<td width=\"74\">\n<p align=\"left\">First-party<\/p>\n<\/td>\n<td width=\"83\">\n<p align=\"left\">Session<\/p>\n<\/td>\n<td width=\"148\">\n<p align=\"left\">When accessing the website<\/p>\n<\/td>\n<\/tr>\n<tr>\n<td width=\"157\">\n<p align=\"left\">statistics<\/p>\n<\/td>\n<td width=\"178\">\n<p align=\"left\">Technical<\/p>\n<\/td>\n<td width=\"74\">\n<p align=\"left\">First-party<\/p>\n<\/td>\n<td width=\"83\">\n<p align=\"left\">One month<\/p>\n<\/td>\n<td width=\"148\">\n<p align=\"left\">When accessing the website<\/p>\n<\/td>\n<\/tr>\n<tr>\n<td width=\"157\">\n<p align=\"left\">_utma<\/p>\n<\/td>\n<td width=\"178\">\n<p align=\"left\">Google Analytics analytical cookie, used to distinguish users and sessions.<\/p>\n<\/td>\n<td width=\"74\">\n<p align=\"left\">Third-party<\/p>\n<\/td>\n<td width=\"83\">\n<p align=\"left\">2 years<\/p>\n<\/td>\n<td width=\"148\">\n<p align=\"left\">When cookies are accepted<\/p>\n<\/td>\n<\/tr>\n<tr>\n<td width=\"157\">\n<p align=\"left\">_utmb\n_utmbta<\/p>\n<\/td>\n<td width=\"178\">\n<p align=\"left\">Google Analytics analytical cookie, used to determine new sessions or visits.<\/p>\n<\/td>\n<td width=\"74\">\n<p align=\"left\">Third-party<\/p>\n<\/td>\n<td width=\"83\">\n<p align=\"left\">30 minutes<\/p>\n<\/td>\n<td width=\"148\">\n<p align=\"left\">When cookies are accepted<\/p>\n<\/td>\n<\/tr>\n<tr>\n<td width=\"157\">\n<p align=\"left\">_utmc<\/p>\n<\/td>\n<td width=\"178\">\n<p align=\"left\">Google Analytics analytical cookie, not used in ga.js. It is configured to interact with urchin.js. Previously, this cookie acted in conjunction with the __utmb cookie to determine whether the user was in a new session or visit.<\/p>\n<\/td>\n<td width=\"74\">\n<p align=\"left\">Third-party<\/p>\n<\/td>\n<td width=\"83\">\n<p align=\"left\">Session<\/p>\n<\/td>\n<td width=\"148\">\n<p align=\"left\">When cookies are accepted<\/p>\n<\/td>\n<\/tr>\n<tr>\n<td width=\"157\">\n<p align=\"left\">_utmv<\/p>\n<\/td>\n<td width=\"178\">\n<p align=\"left\">Google Analytics analytical cookie, used to store data obtained from records to later be able to segment them demographically.<\/p>\n<\/td>\n<td width=\"74\">\n<p align=\"left\">Third-party<\/p>\n<\/td>\n<td width=\"83\">\n<p align=\"left\">2 years<\/p>\n<\/td>\n<td width=\"148\">\n<p align=\"left\">When cookies are accepted<\/p>\n<\/td>\n<\/tr>\n<tr>\n<td width=\"157\">\n<p align=\"left\">_utmz<\/p>\n<\/td>\n<td width=\"178\">\n<p align=\"left\">Google Analytics analytical cookie, used to calculate the traffic coming from search engines (organic and PPC), display advertising campaigns, and navigation within the same website (internal links).<\/p>\n<\/td>\n<td width=\"74\">\n<p align=\"left\">Third-party<\/p>\n<\/td>\n<td width=\"83\">\n<p align=\"left\">6 months<\/p>\n<\/td>\n<td width=\"148\">\n<p align=\"left\">When cookies are accepted<\/p>\n<\/td>\n<\/tr>\n<\/tbody>\n<\/table>\n\nThis website, like most websites, includes features provided by third parties. Our website is a live website and new designs or third-party services may be included. This can occasionally modify the cookie settings, and cookies not detailed specifically in this policy may appear.\n\n<strong>Third-party cookies used on our website installed by third-party domains are as follows:<\/strong>\n<table border=\"1\" width=\"80%\" cellpadding=\"0\" align=\"left\">\n<tbody>\n<tr>\n<td>Owner<\/td>\n<td>\n<p align=\"left\">Name<\/p>\n<\/td>\n<td>\n<p align=\"left\">When is it installed?<\/p>\n<\/td>\n<td>\n<p align=\"left\">Description<\/p>\n<\/td>\n<td>\n<p align=\"left\">Duration<\/p>\n<\/td>\n<\/tr>\n<tr>\n<td width=\"139\">\n<p align=\"left\">Google<\/p>\n<\/td>\n<td width=\"159\">\n<p align=\"left\"><\/p>\n<\/td>\n<td width=\"64\">\n<p align=\"left\">When browsing the website and using the social plugin<\/p>\n<\/td>\n<td width=\"111\">\n<p align=\"left\">Social network plugin that allows the user to share videos.<\/p>\n<\/td>\n<td width=\"84\">\n<p align=\"left\">Depends on the social network<\/p>\n<\/td>\n<\/tr>\n<\/tbody>\n<\/table>\n\nOur site does not control the cookies used by these third parties. For more information about cookies from social networks or other external websites, we advise reviewing their own cookie policies.\n\n<h3><strong>Cookie settings for popular browsers<\/strong><\/h3>\n(Note: these steps may vary depending on the browser version)\n\n<u>Chrome<\/u>:\nGo to Settings by clicking the customization icon that appears at the top right with three vertical dots.\nGo to Privacy and Security.\nSelect Cookies and other site data. There you can choose how cookies are controlled.\n\n<u>Edge<\/u>:\nGo to Settings by clicking the three horizontal bars at the top right of the browser.\nClick on Settings and then Cookies and site permissions.\nThere you can choose how cookies are controlled.\n\n<u>Firefox<\/u>:\nGo to Settings by clicking the three horizontal bars at the top right of the browser.\nClick on Privacy &#038; Security.\nIn Cookies and Site Data, you can manage everything related to cookies.\n\n<u>Opera<\/u>:\nGo to Easy Setup by clicking the three horizontal bars at the top right of the browser.\nClick on Privacy and Security.\nIn Cookies and other site data, you can manage everything related to cookies.\n\n<u>Safari for OSX:<\/u>\nGo to Preferences, then Privacy.\nHere you will see the option to Block cookies so you can adjust the type of block you want to perform.\n\n<u>Safari for iOS:<\/u>\nGo to Settings, then Safari.\nGo to Privacy and Security, and you will see the option to Block cookies so you can adjust the type of block you want to perform.\n\n<u>Android:<\/u>\nRun the browser and press the Menu key, then Settings.\nGo to Security and Privacy, and you will see the option to Accept cookies to enable or disable the checkbox.\n\n<h4><strong>Other information about cookies<\/strong><\/h4>\nNo data transfers to third parties are made, nor are profiles automatically created with the information obtained through cookies.\n\nYou can access more information about your privacy in the Legal Notice of the Web.\n\nIn addition, you can always file complaints about your rights with the Supervisory Authority (<a href=\"http:\/\/www.aepd.es\" target=\"_blank\" rel=\"noopener\">www.aepd.es<\/a>) which also has several guides on cookies and privacy on the web.\n\t\t\t\t\t\t\t\t<\/div>\n\t\t\t\t<\/div>\n\t\t\t\t\t<\/div>\n\t\t<\/div>\n\t\t\t\t\t<\/div>\n\t\t<\/section>\n\t\t\t\t<\/div>\n\t\t","protected":false},"excerpt":{"rendered":"<p>What are cookies? A cookie is a file that is downloaded to your computer when you access certain web pages. Cookies allow a website to, among other things, store and retrieve information about a user&#8217;s browsing habits or their device, and depending on the information they contain and the way you use your device, they &#8230; <a title=\"Cookie Policy\" class=\"read-more\" href=\"https:\/\/www.islabonitalovefestival.es\/en\/cookie-policy\/\" aria-label=\"Read more about Cookie Policy\">Read more<\/a><\/p>\n","protected":false},"author":1,"featured_media":0,"parent":0,"menu_order":0,"comment_status":"closed","ping_status":"closed","template":"","meta":{"footnotes":""},"class_list":["post-17052","page","type-page","status-publish"],"yoast_head":"<!-- This site is optimized with the Yoast SEO Premium plugin v22.0 (Yoast SEO v27.0) - https:\/\/yoast.com\/product\/yoast-seo-premium-wordpress\/ -->\n<title>Cookie Policy - Isla Bonita Love Festival<\/title>\n<meta name=\"robots\" content=\"index, follow, max-snippet:-1, max-image-preview:large, max-video-preview:-1\" \/>\n<link rel=\"canonical\" href=\"https:\/\/www.islabonitalovefestival.es\/en\/cookie-policy\/\" \/>\n<meta property=\"og:locale\" content=\"en_US\" \/>\n<meta property=\"og:type\" content=\"article\" \/>\n<meta property=\"og:title\" content=\"Cookie Policy\" \/>\n<meta property=\"og:description\" content=\"What are cookies? A cookie is a file that is downloaded to your computer when you access certain web pages. Cookies allow a website to, among other things, store and retrieve information about a user&#8217;s browsing habits or their device, and depending on the information they contain and the way you use your device, they ... Read more\" \/>\n<meta property=\"og:url\" content=\"https:\/\/www.islabonitalovefestival.es\/en\/cookie-policy\/\" \/>\n<meta property=\"og:site_name\" content=\"Isla Bonita Love Festival\" \/>\n<meta property=\"article:publisher\" content=\"https:\/\/www.facebook.com\/islabonitalovefestival\/\" \/>\n<meta property=\"article:modified_time\" content=\"2024-06-17T11:47:48+00:00\" \/>\n<meta name=\"twitter:card\" content=\"summary_large_image\" \/>\n<meta name=\"twitter:site\" content=\"@IslaBonitaLoveF\" \/>\n<script type=\"application\/ld+json\" class=\"yoast-schema-graph\">{\"@context\":\"https:\/\/schema.org\",\"@graph\":[{\"@type\":\"WebPage\",\"@id\":\"https:\/\/www.islabonitalovefestival.es\/en\/cookie-policy\/\",\"url\":\"https:\/\/www.islabonitalovefestival.es\/en\/cookie-policy\/\",\"name\":\"Cookie Policy - Isla Bonita Love Festival\",\"isPartOf\":{\"@id\":\"https:\/\/www.islabonitalovefestival.es\/#website\"},\"datePublished\":\"2016-04-13T10:49:05+00:00\",\"dateModified\":\"2024-06-17T11:47:48+00:00\",\"breadcrumb\":{\"@id\":\"https:\/\/www.islabonitalovefestival.es\/en\/cookie-policy\/#breadcrumb\"},\"inLanguage\":\"en-US\",\"potentialAction\":[{\"@type\":\"ReadAction\",\"target\":[\"https:\/\/www.islabonitalovefestival.es\/en\/cookie-policy\/\"]}]},{\"@type\":\"BreadcrumbList\",\"@id\":\"https:\/\/www.islabonitalovefestival.es\/en\/cookie-policy\/#breadcrumb\",\"itemListElement\":[{\"@type\":\"ListItem\",\"position\":1,\"name\":\"Portada\",\"item\":\"https:\/\/www.islabonitalovefestival.es\/en\/\"},{\"@type\":\"ListItem\",\"position\":2,\"name\":\"Cookie Policy\"}]},{\"@type\":\"WebSite\",\"@id\":\"https:\/\/www.islabonitalovefestival.es\/#website\",\"url\":\"https:\/\/www.islabonitalovefestival.es\/\",\"name\":\"Isla Bonita Love Festival 2024\",\"description\":\"Festival de la multiculturalidad que se celebrar\u00e1 del 22 al 28 de julio de 2024 en La Palma\",\"publisher\":{\"@id\":\"https:\/\/www.islabonitalovefestival.es\/#organization\"},\"alternateName\":\"Love Festival 2024\",\"potentialAction\":[{\"@type\":\"SearchAction\",\"target\":{\"@type\":\"EntryPoint\",\"urlTemplate\":\"https:\/\/www.islabonitalovefestival.es\/?s={search_term_string}\"},\"query-input\":{\"@type\":\"PropertyValueSpecification\",\"valueRequired\":true,\"valueName\":\"search_term_string\"}}],\"inLanguage\":\"en-US\"},{\"@type\":\"Organization\",\"@id\":\"https:\/\/www.islabonitalovefestival.es\/#organization\",\"name\":\"Isla Bonita Love Festival La Palma 2024\",\"alternateName\":\"Love Festival\",\"url\":\"https:\/\/www.islabonitalovefestival.es\/\",\"logo\":{\"@type\":\"ImageObject\",\"inLanguage\":\"en-US\",\"@id\":\"https:\/\/www.islabonitalovefestival.es\/#\/schema\/logo\/image\/\",\"url\":\"https:\/\/www.islabonitalovefestival.es\/wp-content\/uploads\/2024\/03\/LF24_entrada.png\",\"contentUrl\":\"https:\/\/www.islabonitalovefestival.es\/wp-content\/uploads\/2024\/03\/LF24_entrada.png\",\"width\":800,\"height\":800,\"caption\":\"Isla Bonita Love Festival La Palma 2024\"},\"image\":{\"@id\":\"https:\/\/www.islabonitalovefestival.es\/#\/schema\/logo\/image\/\"},\"sameAs\":[\"https:\/\/www.facebook.com\/islabonitalovefestival\/\",\"https:\/\/x.com\/IslaBonitaLoveF\",\"https:\/\/www.instagram.com\/islabonitalovefest\/\",\"https:\/\/www.youtube.com\/channel\/UCT7DqYugOSkmQ9lWVL9UTJw\"],\"description\":\"Sociedad de Promoci\u00f3n y Desarrollo econ\u00f3mico y Social de La Palma, empresa p\u00fablica dependiente del Cabildo de La Palma\",\"email\":\"info@sodepal.es\",\"telephone\":\"922417323\",\"legalName\":\"Sociedad de Promoci\u00f3n y Desarrollo Econ\u00f3mico de la isla de La Palma S.A.U.\",\"publishingPrinciples\":\"https:\/\/www.islabonitalovefestival.es\/aviso-legal\/\",\"ownershipFundingInfo\":\"https:\/\/www.islabonitalovefestival.es\/aviso-legal\/\",\"actionableFeedbackPolicy\":\"https:\/\/www.islabonitalovefestival.es\/aviso-legal\/\",\"correctionsPolicy\":\"https:\/\/www.islabonitalovefestival.es\/aviso-legal\/\",\"ethicsPolicy\":\"https:\/\/www.islabonitalovefestival.es\/aviso-legal\/\",\"diversityPolicy\":\"https:\/\/www.islabonitalovefestival.es\/aviso-legal\/\",\"diversityStaffingReport\":\"https:\/\/www.islabonitalovefestival.es\/aviso-legal\/\"}]}<\/script>\n<!-- \/ Yoast SEO Premium plugin. -->","yoast_head_json":{"title":"Cookie Policy - Isla Bonita Love Festival","robots":{"index":"index","follow":"follow","max-snippet":"max-snippet:-1","max-image-preview":"max-image-preview:large","max-video-preview":"max-video-preview:-1"},"canonical":"https:\/\/www.islabonitalovefestival.es\/en\/cookie-policy\/","og_locale":"en_US","og_type":"article","og_title":"Cookie Policy","og_description":"What are cookies? A cookie is a file that is downloaded to your computer when you access certain web pages. Cookies allow a website to, among other things, store and retrieve information about a user&#8217;s browsing habits or their device, and depending on the information they contain and the way you use your device, they ... Read more","og_url":"https:\/\/www.islabonitalovefestival.es\/en\/cookie-policy\/","og_site_name":"Isla Bonita Love Festival","article_publisher":"https:\/\/www.facebook.com\/islabonitalovefestival\/","article_modified_time":"2024-06-17T11:47:48+00:00","twitter_card":"summary_large_image","twitter_site":"@IslaBonitaLoveF","schema":{"@context":"https:\/\/schema.org","@graph":[{"@type":"WebPage","@id":"https:\/\/www.islabonitalovefestival.es\/en\/cookie-policy\/","url":"https:\/\/www.islabonitalovefestival.es\/en\/cookie-policy\/","name":"Cookie Policy - Isla Bonita Love Festival","isPartOf":{"@id":"https:\/\/www.islabonitalovefestival.es\/#website"},"datePublished":"2016-04-13T10:49:05+00:00","dateModified":"2024-06-17T11:47:48+00:00","breadcrumb":{"@id":"https:\/\/www.islabonitalovefestival.es\/en\/cookie-policy\/#breadcrumb"},"inLanguage":"en-US","potentialAction":[{"@type":"ReadAction","target":["https:\/\/www.islabonitalovefestival.es\/en\/cookie-policy\/"]}]},{"@type":"BreadcrumbList","@id":"https:\/\/www.islabonitalovefestival.es\/en\/cookie-policy\/#breadcrumb","itemListElement":[{"@type":"ListItem","position":1,"name":"Portada","item":"https:\/\/www.islabonitalovefestival.es\/en\/"},{"@type":"ListItem","position":2,"name":"Cookie Policy"}]},{"@type":"WebSite","@id":"https:\/\/www.islabonitalovefestival.es\/#website","url":"https:\/\/www.islabonitalovefestival.es\/","name":"Isla Bonita Love Festival 2024","description":"Festival de la multiculturalidad que se celebrar\u00e1 del 22 al 28 de julio de 2024 en La Palma","publisher":{"@id":"https:\/\/www.islabonitalovefestival.es\/#organization"},"alternateName":"Love Festival 2024","potentialAction":[{"@type":"SearchAction","target":{"@type":"EntryPoint","urlTemplate":"https:\/\/www.islabonitalovefestival.es\/?s={search_term_string}"},"query-input":{"@type":"PropertyValueSpecification","valueRequired":true,"valueName":"search_term_string"}}],"inLanguage":"en-US"},{"@type":"Organization","@id":"https:\/\/www.islabonitalovefestival.es\/#organization","name":"Isla Bonita Love Festival La Palma 2024","alternateName":"Love Festival","url":"https:\/\/www.islabonitalovefestival.es\/","logo":{"@type":"ImageObject","inLanguage":"en-US","@id":"https:\/\/www.islabonitalovefestival.es\/#\/schema\/logo\/image\/","url":"https:\/\/www.islabonitalovefestival.es\/wp-content\/uploads\/2024\/03\/LF24_entrada.png","contentUrl":"https:\/\/www.islabonitalovefestival.es\/wp-content\/uploads\/2024\/03\/LF24_entrada.png","width":800,"height":800,"caption":"Isla Bonita Love Festival La Palma 2024"},"image":{"@id":"https:\/\/www.islabonitalovefestival.es\/#\/schema\/logo\/image\/"},"sameAs":["https:\/\/www.facebook.com\/islabonitalovefestival\/","https:\/\/x.com\/IslaBonitaLoveF","https:\/\/www.instagram.com\/islabonitalovefest\/","https:\/\/www.youtube.com\/channel\/UCT7DqYugOSkmQ9lWVL9UTJw"],"description":"Sociedad de Promoci\u00f3n y Desarrollo econ\u00f3mico y Social de La Palma, empresa p\u00fablica dependiente del Cabildo de La Palma","email":"info@sodepal.es","telephone":"922417323","legalName":"Sociedad de Promoci\u00f3n y Desarrollo Econ\u00f3mico de la isla de La Palma S.A.U.","publishingPrinciples":"https:\/\/www.islabonitalovefestival.es\/aviso-legal\/","ownershipFundingInfo":"https:\/\/www.islabonitalovefestival.es\/aviso-legal\/","actionableFeedbackPolicy":"https:\/\/www.islabonitalovefestival.es\/aviso-legal\/","correctionsPolicy":"https:\/\/www.islabonitalovefestival.es\/aviso-legal\/","ethicsPolicy":"https:\/\/www.islabonitalovefestival.es\/aviso-legal\/","diversityPolicy":"https:\/\/www.islabonitalovefestival.es\/aviso-legal\/","diversityStaffingReport":"https:\/\/www.islabonitalovefestival.es\/aviso-legal\/"}]}},"_links":{"self":[{"href":"https:\/\/www.islabonitalovefestival.es\/en\/wp-json\/wp\/v2\/pages\/17052","targetHints":{"allow":["GET"]}}],"collection":[{"href":"https:\/\/www.islabonitalovefestival.es\/en\/wp-json\/wp\/v2\/pages"}],"about":[{"href":"https:\/\/www.islabonitalovefestival.es\/en\/wp-json\/wp\/v2\/types\/page"}],"author":[{"embeddable":true,"href":"https:\/\/www.islabonitalovefestival.es\/en\/wp-json\/wp\/v2\/users\/1"}],"replies":[{"embeddable":true,"href":"https:\/\/www.islabonitalovefestival.es\/en\/wp-json\/wp\/v2\/comments?post=17052"}],"version-history":[{"count":6,"href":"https:\/\/www.islabonitalovefestival.es\/en\/wp-json\/wp\/v2\/pages\/17052\/revisions"}],"predecessor-version":[{"id":17204,"href":"https:\/\/www.islabonitalovefestival.es\/en\/wp-json\/wp\/v2\/pages\/17052\/revisions\/17204"}],"wp:attachment":[{"href":"https:\/\/www.islabonitalovefestival.es\/en\/wp-json\/wp\/v2\/media?parent=17052"}],"curies":[{"name":"wp","href":"https:\/\/api.w.org\/{rel}","templated":true}]}}